{"id":1974111,"date":"2020-03-02T18:25:31","date_gmt":"2020-03-02T17:25:31","guid":{"rendered":"https:\/\/de.tilta.com\/shop\/tilta-pocket-v-mount-battery-plate\/"},"modified":"2026-03-31T10:37:32","modified_gmt":"2026-03-31T08:37:32","slug":"tiltaing-pocket-v-mount-battery-plate","status":"publish","type":"product","link":"https:\/\/eu.tilta.com\/de\/shop\/tiltaing-pocket-v-mount-battery-plate\/","title":{"rendered":"Tilta Pocket V-Mount Battery Plate"},"content":{"rendered":"<p>Diese V-Mount-Akkuplatte ist eine extrem leichte L\u00f6sung, um V-Mount-Akkus in voller Gr\u00f6\u00dfe oder in Mikrogr\u00f6\u00dfe an Ihrem Kamerasystem anzubringen, ohne das zus\u00e4tzliche Gewicht, das traditionell mit gr\u00f6\u00dferen Akkuplatten verbunden ist.<\/p>\n<p>Damit ist die Mini V-Mount-Akkuplatte die perfekte Option f\u00fcr die Stromversorgung von Zubeh\u00f6r \u00fcber V-Mount-Akkus mit h\u00f6herer Kapazit\u00e4t, w\u00e4hrend sie gleichzeitig leicht genug ist, um innerhalb der Gewichtsgrenze der meisten Gimbals zu bleiben.<\/p>\n<p>Das kompakte Design dieser Platte macht sie auch zu einer guten Wahl, wenn Sie einen V-Mount-Akku an einem kleineren Kamerageh\u00e4use befestigen m\u00f6chten, ohne unn\u00f6tig viel Platz zu ben\u00f6tigen.<\/p>\n<p>Die Gr\u00f6\u00dfe dieser Platte ist nur wenig gr\u00f6\u00dfer als der V-Lock-Anschluss eines V-Mount-Akkus, was diese Befestigungsl\u00f6sung zu einer der leichtesten und kompaktesten Optionen f\u00fcr die Montage eines V-Mount-Akkus macht.<\/p>\n<p>Mit dem optionalen 15-mm-LWS-Stabadapter k\u00f6nnen Sie Ihre Mini und\/oder Pocket V-Mount-Akkuplatte an jedem 15-mm-LWS-Stabsystem befestigen und so bequem einen V-Mount-Akku an Ihrem Setup anbringen.<\/p>\n<p>Wir bieten auch einen optionalen Gimbal-Ring-Adapter an, mit dem Sie diese Platte auf jeden 25mm oder 30mm Gimbal-Ring klemmen k\u00f6nnen.<\/p>\n<p>** Hinweis: Dies ist nur eine Befestigungsl\u00f6sung f\u00fcr einen V-Mount-Akku &#8211; auf der Platte selbst sind keine Stromanschl\u00fcsse vorhanden.<\/p>\n","protected":false},"excerpt":{"rendered":"<p>Diese V-Mount-Akkuplatte ist eine extrem leichte L\u00f6sung, um V-Mount-Akkus in voller Gr\u00f6\u00dfe oder in Mikrogr\u00f6\u00dfe an Ihrem Kamerasystem anzubringen, ohne das zus\u00e4tzliche Gewicht, das traditionell mit gr\u00f6\u00dferen Akkuplatten verbunden ist. Damit ist die Mini V-Mount-Akkuplatte die perfekte Option f\u00fcr die [&hellip;]<\/p>\n","protected":false},"featured_media":1965882,"comment_status":"closed","ping_status":"closed","template":"","meta":[],"product_cat":[3255,1079,1080,1086,1087,1088,1089,1090,1091,1095,1096,1097,1098,1099,1101,1102,1103,1105,1106,1107,1108,1109,1110,1114,1116,1117,1118,1119,1120,1122,1124,1125,1126,1071,1128,1129,1130,1135,1136,1137,1295,1143],"product_tag":[],"acf":[],"gallery_images":[1293158,596645,596646,596647],"_links":{"self":[{"href":"https:\/\/eu.tilta.com\/de\/wp-json\/wp\/v2\/product\/1974111"}],"collection":[{"href":"https:\/\/eu.tilta.com\/de\/wp-json\/wp\/v2\/product"}],"about":[{"href":"https:\/\/eu.tilta.com\/de\/wp-json\/wp\/v2\/types\/product"}],"replies":[{"embeddable":true,"href":"https:\/\/eu.tilta.com\/de\/wp-json\/wp\/v2\/comments?post=1974111"}],"wp:featuredmedia":[{"embeddable":true,"href":"https:\/\/eu.tilta.com\/de\/wp-json\/wp\/v2\/media\/1965882"}],"wp:attachment":[{"href":"https:\/\/eu.tilta.com\/de\/wp-json\/wp\/v2\/media?parent=1974111"}],"wp:term":[{"taxonomy":"product_cat","embeddable":true,"href":"https:\/\/eu.tilta.com\/de\/wp-json\/wp\/v2\/product_cat?post=1974111"},{"taxonomy":"product_tag","embeddable":true,"href":"https:\/\/eu.tilta.com\/de\/wp-json\/wp\/v2\/product_tag?post=1974111"}],"curies":[{"name":"wp","href":"https:\/\/api.w.org\/{rel}","templated":true}]}}