{"id":1974112,"date":"2020-04-21T14:04:05","date_gmt":"2020-04-21T12:04:05","guid":{"rendered":"https:\/\/de.tilta.com\/shop\/nucleus-m-fiz-handgeraet-arri-standard-rosettenadapter\/"},"modified":"2025-12-05T12:17:46","modified_gmt":"2025-12-05T11:17:46","slug":"nucleus-m-fiz-hand-unit-arri-standard-rosette-adapter","status":"publish","type":"product","link":"https:\/\/eu.tilta.com\/de\/shop\/nucleus-m-fiz-hand-unit-arri-standard-rosette-adapter\/","title":{"rendered":"Nucleus-M FIZ Handger\u00e4t Arri Standard Rosettenadapter"},"content":{"rendered":"<p>Dieser Arri Standard-Rosettenadapter wird an der R\u00fcckseite der FIZ-Handeinheit des Nucleus-M angebracht, damit Sie ihn an Monitork\u00e4figen oder anderen Ger\u00e4ten mit Rosettenbefestigung anbringen k\u00f6nnen.<\/p>\n","protected":false},"excerpt":{"rendered":"<p>Dieser Arri Standard-Rosettenadapter wird an der R\u00fcckseite der FIZ-Handeinheit des Nucleus-M angebracht, damit Sie ihn an Monitork\u00e4figen oder anderen Ger\u00e4ten mit Rosettenbefestigung anbringen k\u00f6nnen.<\/p>\n","protected":false},"featured_media":1959257,"comment_status":"closed","ping_status":"closed","template":"","meta":[],"product_cat":[1281],"product_tag":[],"acf":[],"gallery_images":[4040,5016],"_links":{"self":[{"href":"https:\/\/eu.tilta.com\/de\/wp-json\/wp\/v2\/product\/1974112"}],"collection":[{"href":"https:\/\/eu.tilta.com\/de\/wp-json\/wp\/v2\/product"}],"about":[{"href":"https:\/\/eu.tilta.com\/de\/wp-json\/wp\/v2\/types\/product"}],"replies":[{"embeddable":true,"href":"https:\/\/eu.tilta.com\/de\/wp-json\/wp\/v2\/comments?post=1974112"}],"wp:featuredmedia":[{"embeddable":true,"href":"https:\/\/eu.tilta.com\/de\/wp-json\/wp\/v2\/media\/1959257"}],"wp:attachment":[{"href":"https:\/\/eu.tilta.com\/de\/wp-json\/wp\/v2\/media?parent=1974112"}],"wp:term":[{"taxonomy":"product_cat","embeddable":true,"href":"https:\/\/eu.tilta.com\/de\/wp-json\/wp\/v2\/product_cat?post=1974112"},{"taxonomy":"product_tag","embeddable":true,"href":"https:\/\/eu.tilta.com\/de\/wp-json\/wp\/v2\/product_tag?post=1974112"}],"curies":[{"name":"wp","href":"https:\/\/api.w.org\/{rel}","templated":true}]}}