{"id":1974122,"date":"2020-01-16T09:53:17","date_gmt":"2020-01-16T08:53:17","guid":{"rendered":"https:\/\/de.tilta.com\/shop\/lp-e6-auf-35-135mm-dc-stecker-dummy-batterie\/"},"modified":"2026-02-16T09:00:17","modified_gmt":"2026-02-16T08:00:17","slug":"lp-e6-to-3-5-1-35mm-dc-male-dummy-battery","status":"publish","type":"product","link":"https:\/\/eu.tilta.com\/de\/shop\/lp-e6-to-3-5-1-35mm-dc-male-dummy-battery\/","title":{"rendered":"LP-E6 auf 3,5\/1,35mm DC Stecker Dummy Batterie"},"content":{"rendered":"<p>Mit diesem Canon LP-E6 Dummy-Akku auf 3,5\/1,35mm DC-Stecker k\u00f6nnen Sie Canon LP-E6 basierte Kameras und Zubeh\u00f6r \u00fcber einen 3,5\/1,35mm DC-Stromanschluss mit Strom versorgen.<\/p>\n<p>Dies ist die perfekte L\u00f6sung f\u00fcr die Stromversorgung von externen Monitoren oder Kamerasystemen wie der BMPCC4\/6K \u00fcber unsere <a href=\"https:\/\/de.tilta.com\/product-category\/handles\/side-handles\/\">kippbaren seitlichen Strom- und Fokusgriffe<\/a>.<\/p>\n<p>Dieses Kabel reguliert die Spannung, um die gleiche Spannung wie eine normale LP-E6-Batterie zu liefern.<\/p>\n","protected":false},"excerpt":{"rendered":"<p>Mit diesem Canon LP-E6 Dummy-Akku auf 3,5\/1,35mm DC-Stecker k\u00f6nnen Sie Canon LP-E6 basierte Kameras und Zubeh\u00f6r \u00fcber einen 3,5\/1,35mm DC-Stromanschluss mit Strom versorgen. Dies ist die perfekte L\u00f6sung f\u00fcr die Stromversorgung von externen Monitoren oder Kamerasystemen wie der BMPCC4\/6K \u00fcber [&hellip;]<\/p>\n","protected":false},"featured_media":1960840,"comment_status":"closed","ping_status":"closed","template":"","meta":[],"product_cat":[1047,4448,1265],"product_tag":[],"acf":[],"gallery_images":[95449],"_links":{"self":[{"href":"https:\/\/eu.tilta.com\/de\/wp-json\/wp\/v2\/product\/1974122"}],"collection":[{"href":"https:\/\/eu.tilta.com\/de\/wp-json\/wp\/v2\/product"}],"about":[{"href":"https:\/\/eu.tilta.com\/de\/wp-json\/wp\/v2\/types\/product"}],"replies":[{"embeddable":true,"href":"https:\/\/eu.tilta.com\/de\/wp-json\/wp\/v2\/comments?post=1974122"}],"wp:featuredmedia":[{"embeddable":true,"href":"https:\/\/eu.tilta.com\/de\/wp-json\/wp\/v2\/media\/1960840"}],"wp:attachment":[{"href":"https:\/\/eu.tilta.com\/de\/wp-json\/wp\/v2\/media?parent=1974122"}],"wp:term":[{"taxonomy":"product_cat","embeddable":true,"href":"https:\/\/eu.tilta.com\/de\/wp-json\/wp\/v2\/product_cat?post=1974122"},{"taxonomy":"product_tag","embeddable":true,"href":"https:\/\/eu.tilta.com\/de\/wp-json\/wp\/v2\/product_tag?post=1974122"}],"curies":[{"name":"wp","href":"https:\/\/api.w.org\/{rel}","templated":true}]}}