{"id":1974123,"date":"2020-01-16T09:41:38","date_gmt":"2020-01-16T08:41:38","guid":{"rendered":"https:\/\/de.tilta.com\/shop\/sony-np-fw50-a6-a7-dummy-akku-auf-35-135mm-dc-stecker-kabel\/"},"modified":"2025-12-05T12:18:28","modified_gmt":"2025-12-05T11:18:28","slug":"sony-np-fw50-dummy-battery-to-3-5-1-35mm-dc-male-cable","status":"publish","type":"product","link":"https:\/\/eu.tilta.com\/de\/shop\/sony-np-fw50-dummy-battery-to-3-5-1-35mm-dc-male-cable\/","title":{"rendered":"Sony NP-FW50 (A6\/A7) Dummy-Akku auf 3,5\/1,35mm DC Stecker Kabel"},"content":{"rendered":"<p>Mit diesem Sony NP-FW50 Dummy-Akku auf 3,5\/1,35mm DC-Stecker k\u00f6nnen Sie Kameras und Zubeh\u00f6r mit NP-FW50 \u00fcber einen 3,5\/1,35mm DC-Stromanschluss mit Strom versorgen.<\/p>\n<p>Dies ist die perfekte L\u00f6sung, um externe Monitore oder Kamerasysteme wie die Sony a7 DSLRs \u00fcber unsere <a href=\"https:\/\/de.tilta.com\/product-category\/handles\/side-handles\/\">seitlichen Tiltaing Power- und Fokusgriffe<\/a> mit Strom zu versorgen.<\/p>\n<p>Dieses Kabel reguliert die Spannung, um die gleiche Spannung wie ein normaler NP-FW50 Akku zu liefern.<\/p>\n","protected":false},"excerpt":{"rendered":"<p>Mit diesem Sony NP-FW50 Dummy-Akku auf 3,5\/1,35mm DC-Stecker k\u00f6nnen Sie Kameras und Zubeh\u00f6r mit NP-FW50 \u00fcber einen 3,5\/1,35mm DC-Stromanschluss mit Strom versorgen. Dies ist die perfekte L\u00f6sung, um externe Monitore oder Kamerasysteme wie die Sony a7 DSLRs \u00fcber unsere seitlichen [&hellip;]<\/p>\n","protected":false},"featured_media":1960836,"comment_status":"closed","ping_status":"closed","template":"","meta":[],"product_cat":[1265],"product_tag":[],"acf":[],"gallery_images":[95442],"_links":{"self":[{"href":"https:\/\/eu.tilta.com\/de\/wp-json\/wp\/v2\/product\/1974123"}],"collection":[{"href":"https:\/\/eu.tilta.com\/de\/wp-json\/wp\/v2\/product"}],"about":[{"href":"https:\/\/eu.tilta.com\/de\/wp-json\/wp\/v2\/types\/product"}],"replies":[{"embeddable":true,"href":"https:\/\/eu.tilta.com\/de\/wp-json\/wp\/v2\/comments?post=1974123"}],"wp:featuredmedia":[{"embeddable":true,"href":"https:\/\/eu.tilta.com\/de\/wp-json\/wp\/v2\/media\/1960836"}],"wp:attachment":[{"href":"https:\/\/eu.tilta.com\/de\/wp-json\/wp\/v2\/media?parent=1974123"}],"wp:term":[{"taxonomy":"product_cat","embeddable":true,"href":"https:\/\/eu.tilta.com\/de\/wp-json\/wp\/v2\/product_cat?post=1974123"},{"taxonomy":"product_tag","embeddable":true,"href":"https:\/\/eu.tilta.com\/de\/wp-json\/wp\/v2\/product_tag?post=1974123"}],"curies":[{"name":"wp","href":"https:\/\/api.w.org\/{rel}","templated":true}]}}