{"id":1974126,"date":"2020-01-06T11:28:59","date_gmt":"2020-01-06T10:28:59","guid":{"rendered":"https:\/\/de.tilta.com\/shop\/tilta-15mm-seitlicher-einzelrutenhalter-typ-ii-schwarz\/"},"modified":"2025-12-05T12:18:28","modified_gmt":"2025-12-05T11:18:28","slug":"tiltaing-15mm-side-single-rod-holder-type-ii-black","status":"publish","type":"product","link":"https:\/\/eu.tilta.com\/de\/shop\/tiltaing-15mm-side-single-rod-holder-type-ii-black\/","title":{"rendered":"Tilta 15mm seitlicher Einzelrutenhalter Typ II &#8211; Schwarz"},"content":{"rendered":"<p>Dieser 15-mm-Einzelstabhalter kann an der Seite der Tiltaing Halb- und Vollkamerak\u00e4fige angebracht werden, damit Sie einen 15-mm-Stab an der Seite der Kamera anbringen k\u00f6nnen, um Zubeh\u00f6r zu befestigen.<\/p>\n<p>** Im Lieferumfang der Tiltaing Mini Matte Box und des Mini Follow Focus enthalten<\/p>\n","protected":false},"excerpt":{"rendered":"<p>Dieser 15-mm-Einzelstabhalter kann an der Seite der Tiltaing Halb- und Vollkamerak\u00e4fige angebracht werden, damit Sie einen 15-mm-Stab an der Seite der Kamera anbringen k\u00f6nnen, um Zubeh\u00f6r zu befestigen. ** Im Lieferumfang der Tiltaing Mini Matte Box und des Mini Follow [&hellip;]<\/p>\n","protected":false},"featured_media":1960901,"comment_status":"closed","ping_status":"closed","template":"","meta":[],"product_cat":[1065],"product_tag":[],"acf":[],"gallery_images":[484176],"_links":{"self":[{"href":"https:\/\/eu.tilta.com\/de\/wp-json\/wp\/v2\/product\/1974126"}],"collection":[{"href":"https:\/\/eu.tilta.com\/de\/wp-json\/wp\/v2\/product"}],"about":[{"href":"https:\/\/eu.tilta.com\/de\/wp-json\/wp\/v2\/types\/product"}],"replies":[{"embeddable":true,"href":"https:\/\/eu.tilta.com\/de\/wp-json\/wp\/v2\/comments?post=1974126"}],"wp:featuredmedia":[{"embeddable":true,"href":"https:\/\/eu.tilta.com\/de\/wp-json\/wp\/v2\/media\/1960901"}],"wp:attachment":[{"href":"https:\/\/eu.tilta.com\/de\/wp-json\/wp\/v2\/media?parent=1974126"}],"wp:term":[{"taxonomy":"product_cat","embeddable":true,"href":"https:\/\/eu.tilta.com\/de\/wp-json\/wp\/v2\/product_cat?post=1974126"},{"taxonomy":"product_tag","embeddable":true,"href":"https:\/\/eu.tilta.com\/de\/wp-json\/wp\/v2\/product_tag?post=1974126"}],"curies":[{"name":"wp","href":"https:\/\/api.w.org\/{rel}","templated":true}]}}