{"id":1974133,"date":"2019-12-16T14:25:10","date_gmt":"2019-12-16T13:25:10","guid":{"rendered":"https:\/\/de.tilta.com\/shop\/tilta-mini-matte-box\/"},"modified":"2026-04-27T13:17:40","modified_gmt":"2026-04-27T11:17:40","slug":"tiltaing-mini-matte-box","status":"publish","type":"product","link":"https:\/\/eu.tilta.com\/de\/shop\/tiltaing-mini-matte-box\/","title":{"rendered":"Tilta Mini Matte Box"},"content":{"rendered":"<p>Die Mini Matte Box ist eine leichte, erschwingliche L\u00f6sung f\u00fcr Filmemacher, die DSLR- und spiegellose Kameras verwenden. Die Mini Matte Box wiegt nur 140g (4.9oz).<\/p>\n<p>Sie bietet zus\u00e4tzlichen Schutz f\u00fcr Ihr Objektiv und kann mit der mitgelieferten franz\u00f6sischen Flagge Lichtreflexe verhindern.<\/p>\n<p>1\/4&#8243;-20- und 3\/8&#8243;-16-Schraubenl\u00f6cher und kalte Schuhhalterungen bieten mehrere Befestigungspunkte f\u00fcr eine Vielzahl von Zubeh\u00f6r wie kleine LED-Leuchten oder Mikrofone.<\/p>\n<p>Das Kit enth\u00e4lt au\u00dferdem einen 15-mm-Stabadapter, der an der Unterseite der Mattebox befestigt wird und das Gewicht der Mattebox auff\u00e4ngt sowie eine M\u00f6glichkeit bietet, Ihr Objektiv zu befestigen, um die Stabilit\u00e4t des Objektivs zu gew\u00e4hrleisten (unterst\u00fctzt keine Objektive mit Teleskopvorderteil).<\/p>\n<p>Der zus\u00e4tzliche Vorteil dieser matten Box sind die zwei Filteroptionen. Die Vorderseite der Matte Box bietet einen Schlitz f\u00fcr jeden Standard 4&#215;5,65 Filter.<\/p>\n<p>Au\u00dferdem k\u00f6nnen Aufschraubfilter \u00fcber das Innengewinde, das zum Durchmesser des jeweiligen Adapterrings passt, an den mitgelieferten Adapterringen befestigt werden.<\/p>\n<p>Dieser Adapterring wird zuerst an Ihrem Objektiv befestigt und dann wird die Matte Box auf den Adapterring geklemmt.<\/p>\n<p>Das Set enth\u00e4lt die Mini Matte Box, eine franz\u00f6sische Fahne, einen 15-mm-Einzelstangenaufsatz und vier Objektivadapterringe (82 mm, 77 mm, 67 mm und 72 mm).<\/p>\n<p>Zus\u00e4tzliche Adapterringe in Nicht-Standardgr\u00f6\u00dfen (52mm, 55mm, 58mm, 62mm, 85mm) sowie Adapterringe f\u00fcr die Cine-Version (80mm und 85mm) sind jetzt erh\u00e4ltlich.<\/p>\n<p><strong>HINWEIS: Um Vignettierung zu vermeiden, empfehlen wir Brennweiten \u00fcber 24 mm f\u00fcr S35 und 35 mm f\u00fcr Vollformat.  <\/strong><\/p>\n","protected":false},"excerpt":{"rendered":"<p>Die Mini Matte Box ist eine leichte, erschwingliche L\u00f6sung f\u00fcr Filmemacher, die DSLR- und spiegellose Kameras verwenden. Die Mini Matte Box wiegt nur 140g (4.9oz). Sie bietet zus\u00e4tzlichen Schutz f\u00fcr Ihr Objektiv und kann mit der mitgelieferten franz\u00f6sischen Flagge Lichtreflexe [&hellip;]<\/p>\n","protected":false},"featured_media":1971220,"comment_status":"closed","ping_status":"closed","template":"","meta":[],"product_cat":[3255,1434,1073,1079,1080,1082,1083,1084,1085,1086,1087,1088,1089,1090,1091,1094,1095,1096,1097,1098,1099,1101,1102,1103,1104,1105,1106,1107,1108,1109,1110,1112,1114,1116,1117,1118,1119,1120,1122,1124,1125,1126,1071,1128,1129,1130,1135,1136,1137,1215],"product_tag":[],"acf":[],"gallery_images":[1971221,1971223,1960765,1960754,1971222],"_links":{"self":[{"href":"https:\/\/eu.tilta.com\/de\/wp-json\/wp\/v2\/product\/1974133"}],"collection":[{"href":"https:\/\/eu.tilta.com\/de\/wp-json\/wp\/v2\/product"}],"about":[{"href":"https:\/\/eu.tilta.com\/de\/wp-json\/wp\/v2\/types\/product"}],"replies":[{"embeddable":true,"href":"https:\/\/eu.tilta.com\/de\/wp-json\/wp\/v2\/comments?post=1974133"}],"wp:featuredmedia":[{"embeddable":true,"href":"https:\/\/eu.tilta.com\/de\/wp-json\/wp\/v2\/media\/1971220"}],"wp:attachment":[{"href":"https:\/\/eu.tilta.com\/de\/wp-json\/wp\/v2\/media?parent=1974133"}],"wp:term":[{"taxonomy":"product_cat","embeddable":true,"href":"https:\/\/eu.tilta.com\/de\/wp-json\/wp\/v2\/product_cat?post=1974133"},{"taxonomy":"product_tag","embeddable":true,"href":"https:\/\/eu.tilta.com\/de\/wp-json\/wp\/v2\/product_tag?post=1974133"}],"curies":[{"name":"wp","href":"https:\/\/api.w.org\/{rel}","templated":true}]}}