{"id":1974191,"date":"2019-09-06T17:51:48","date_gmt":"2019-09-06T15:51:48","guid":{"rendered":"https:\/\/de.tilta.com\/shop\/1-4-20-auf-arri-rosettenaufsatz-fuer-panasonic-gh-serie-und-sony-a7-a9-serie\/"},"modified":"2026-04-03T02:54:14","modified_gmt":"2026-04-03T00:54:14","slug":"1-4-20-to-arri-rosette-attachment-for-panasonic-gh-series-and-sony-a7-a9-series","status":"publish","type":"product","link":"https:\/\/eu.tilta.com\/de\/shop\/1-4-20-to-arri-rosette-attachment-for-panasonic-gh-series-and-sony-a7-a9-series\/","title":{"rendered":"1\/4&#8243;-20 auf Arri-Rosettenaufsatz f\u00fcr Panasonic GH-Serie und Sony a7\/a9-Serie"},"content":{"rendered":"<p>Dieser 1\/4&#8243;-20 auf Arri Rosettenaufsatz wurde speziell f\u00fcr die Panasonic GH Serie und die Sony a7\/a9 Serie von Tiltaing Kamerak\u00e4figen entwickelt, ist aber mit jedem K\u00e4fig kompatibel, der \u00fcber ein 1\/4&#8243;-20 Gewinde verf\u00fcgt.<\/p>\n<p>Damit k\u00f6nnen Sie einen Arri-Rosettenaufsatz \u00fcber zwei 1\/4&#8243;-20 Befestigungsschrauben an Ihrem Rigg anbringen.<\/p>\n<p>Der Schlitz f\u00fcr die 1\/4&#8243;-20 Schrauben erm\u00f6glicht es Ihnen, die Befestigung leicht anzupassen, je nachdem, wo sich die Schraubenl\u00f6cher am K\u00e4fig befinden.<\/p>\n","protected":false},"excerpt":{"rendered":"<p>Dieser 1\/4&#8243;-20 auf Arri Rosettenaufsatz wurde speziell f\u00fcr die Panasonic GH Serie und die Sony a7\/a9 Serie von Tiltaing Kamerak\u00e4figen entwickelt, ist aber mit jedem K\u00e4fig kompatibel, der \u00fcber ein 1\/4&#8243;-20 Gewinde verf\u00fcgt. Damit k\u00f6nnen Sie einen Arri-Rosettenaufsatz \u00fcber zwei [&hellip;]<\/p>\n","protected":false},"featured_media":1960278,"comment_status":"closed","ping_status":"closed","template":"","meta":[],"product_cat":[1047,4448,1109,1130],"product_tag":[],"acf":[],"gallery_images":[47259],"_links":{"self":[{"href":"https:\/\/eu.tilta.com\/de\/wp-json\/wp\/v2\/product\/1974191"}],"collection":[{"href":"https:\/\/eu.tilta.com\/de\/wp-json\/wp\/v2\/product"}],"about":[{"href":"https:\/\/eu.tilta.com\/de\/wp-json\/wp\/v2\/types\/product"}],"replies":[{"embeddable":true,"href":"https:\/\/eu.tilta.com\/de\/wp-json\/wp\/v2\/comments?post=1974191"}],"wp:featuredmedia":[{"embeddable":true,"href":"https:\/\/eu.tilta.com\/de\/wp-json\/wp\/v2\/media\/1960278"}],"wp:attachment":[{"href":"https:\/\/eu.tilta.com\/de\/wp-json\/wp\/v2\/media?parent=1974191"}],"wp:term":[{"taxonomy":"product_cat","embeddable":true,"href":"https:\/\/eu.tilta.com\/de\/wp-json\/wp\/v2\/product_cat?post=1974191"},{"taxonomy":"product_tag","embeddable":true,"href":"https:\/\/eu.tilta.com\/de\/wp-json\/wp\/v2\/product_tag?post=1974191"}],"curies":[{"name":"wp","href":"https:\/\/api.w.org\/{rel}","templated":true}]}}