{"id":1974205,"date":"2019-08-26T17:37:50","date_gmt":"2019-08-26T15:37:50","guid":{"rendered":"https:\/\/de.tilta.com\/shop\/untere-platte-fuer-sony-a7sii-a7rii-a7riii\/"},"modified":"2026-02-16T09:02:34","modified_gmt":"2026-02-16T08:02:34","slug":"bottom-plate-for-sony-a7sii-a7rii-a7riii","status":"publish","type":"product","link":"https:\/\/eu.tilta.com\/de\/shop\/bottom-plate-for-sony-a7sii-a7rii-a7riii\/","title":{"rendered":"Untere Platte f\u00fcr Sony a7SII\/a7RII\/a7RIII"},"content":{"rendered":"<p>Diese schwalbenschwanzf\u00f6rmige Platte wird an der Unterseite des Tiltaing-Kamerak\u00e4figs der Sony a7\/a9 Serie befestigt, um die korrekte Platzierung der Befestigungsl\u00f6cher und eine H\u00f6he von 15 mm zwischen Stativ und Objektiv f\u00fcr die Sony a7S II\/a7R II\/a7R III Kameras zu gew\u00e4hrleisten.<\/p>\n","protected":false},"excerpt":{"rendered":"<p>Diese schwalbenschwanzf\u00f6rmige Platte wird an der Unterseite des Tiltaing-Kamerak\u00e4figs der Sony a7\/a9 Serie befestigt, um die korrekte Platzierung der Befestigungsl\u00f6cher und eine H\u00f6he von 15 mm zwischen Stativ und Objektiv f\u00fcr die Sony a7S II\/a7R II\/a7R III Kameras zu gew\u00e4hrleisten.<\/p>\n","protected":false},"featured_media":1960229,"comment_status":"closed","ping_status":"closed","template":"","meta":[],"product_cat":[4448,1130],"product_tag":[],"acf":[],"gallery_images":[44344,47171],"_links":{"self":[{"href":"https:\/\/eu.tilta.com\/de\/wp-json\/wp\/v2\/product\/1974205"}],"collection":[{"href":"https:\/\/eu.tilta.com\/de\/wp-json\/wp\/v2\/product"}],"about":[{"href":"https:\/\/eu.tilta.com\/de\/wp-json\/wp\/v2\/types\/product"}],"replies":[{"embeddable":true,"href":"https:\/\/eu.tilta.com\/de\/wp-json\/wp\/v2\/comments?post=1974205"}],"wp:featuredmedia":[{"embeddable":true,"href":"https:\/\/eu.tilta.com\/de\/wp-json\/wp\/v2\/media\/1960229"}],"wp:attachment":[{"href":"https:\/\/eu.tilta.com\/de\/wp-json\/wp\/v2\/media?parent=1974205"}],"wp:term":[{"taxonomy":"product_cat","embeddable":true,"href":"https:\/\/eu.tilta.com\/de\/wp-json\/wp\/v2\/product_cat?post=1974205"},{"taxonomy":"product_tag","embeddable":true,"href":"https:\/\/eu.tilta.com\/de\/wp-json\/wp\/v2\/product_tag?post=1974205"}],"curies":[{"name":"wp","href":"https:\/\/api.w.org\/{rel}","templated":true}]}}