{"id":1974206,"date":"2019-08-26T16:59:57","date_gmt":"2019-08-26T14:59:57","guid":{"rendered":"https:\/\/de.tilta.com\/shop\/hdmi-klammeraufsatz-fuer-sony-a7r-iii\/"},"modified":"2026-02-16T09:02:34","modified_gmt":"2026-02-16T08:02:34","slug":"hdmi-clamp-attachment-for-sony-a7r-iii","status":"publish","type":"product","link":"https:\/\/eu.tilta.com\/de\/shop\/hdmi-clamp-attachment-for-sony-a7r-iii\/","title":{"rendered":"HDMI-Klammeraufsatz f\u00fcr Sony a7R III"},"content":{"rendered":"<p>Diese HDMI-Klemme wurde speziell f\u00fcr die Sony a7R III Kamera in Verbindung mit dem Tiltaing Sony a7 Kamerak\u00e4fig entwickelt. Er wird direkt am K\u00e4fig befestigt und erm\u00f6glicht es Ihnen, ein HDMI-Kabel fest und sicher an Ihrer Kameraeinrichtung zu befestigen.<\/p>\n","protected":false},"excerpt":{"rendered":"<p>Diese HDMI-Klemme wurde speziell f\u00fcr die Sony a7R III Kamera in Verbindung mit dem Tiltaing Sony a7 Kamerak\u00e4fig entwickelt. Er wird direkt am K\u00e4fig befestigt und erm\u00f6glicht es Ihnen, ein HDMI-Kabel fest und sicher an Ihrer Kameraeinrichtung zu befestigen.<\/p>\n","protected":false},"featured_media":1960222,"comment_status":"closed","ping_status":"closed","template":"","meta":[],"product_cat":[1047,4448,1130,1263],"product_tag":[],"acf":[],"gallery_images":[],"_links":{"self":[{"href":"https:\/\/eu.tilta.com\/de\/wp-json\/wp\/v2\/product\/1974206"}],"collection":[{"href":"https:\/\/eu.tilta.com\/de\/wp-json\/wp\/v2\/product"}],"about":[{"href":"https:\/\/eu.tilta.com\/de\/wp-json\/wp\/v2\/types\/product"}],"replies":[{"embeddable":true,"href":"https:\/\/eu.tilta.com\/de\/wp-json\/wp\/v2\/comments?post=1974206"}],"wp:featuredmedia":[{"embeddable":true,"href":"https:\/\/eu.tilta.com\/de\/wp-json\/wp\/v2\/media\/1960222"}],"wp:attachment":[{"href":"https:\/\/eu.tilta.com\/de\/wp-json\/wp\/v2\/media?parent=1974206"}],"wp:term":[{"taxonomy":"product_cat","embeddable":true,"href":"https:\/\/eu.tilta.com\/de\/wp-json\/wp\/v2\/product_cat?post=1974206"},{"taxonomy":"product_tag","embeddable":true,"href":"https:\/\/eu.tilta.com\/de\/wp-json\/wp\/v2\/product_tag?post=1974206"}],"curies":[{"name":"wp","href":"https:\/\/api.w.org\/{rel}","templated":true}]}}