{"id":1974227,"date":"2019-08-26T17:08:04","date_gmt":"2019-08-26T15:08:04","guid":{"rendered":"https:\/\/de.tilta.com\/shop\/hdmi-und-lauf-stopp-kabelklemmenbefestigung-fuer-sony-a7-a7s\/"},"modified":"2026-02-16T09:02:35","modified_gmt":"2026-02-16T08:02:35","slug":"hdmi-and-run-stop-cable-clamp-attachment-for-sony-a7-a7s","status":"publish","type":"product","link":"https:\/\/eu.tilta.com\/de\/shop\/hdmi-and-run-stop-cable-clamp-attachment-for-sony-a7-a7s\/","title":{"rendered":"HDMI- und Lauf-\/Stopp-Kabelklemmenbefestigung f\u00fcr Sony a7\/a7S"},"content":{"rendered":"<p>Diese Klemme wurde speziell f\u00fcr die Kameras der Sony a7\/a7S Serie in Verbindung mit dem Tiltaing Sony a7\/a9 Kamerak\u00e4fig entwickelt. Er wird direkt am K\u00e4fig befestigt und erm\u00f6glicht es Ihnen, sowohl ein Lauf-\/Stopp- als auch ein HDMI-Kabel fest und sicher an Ihrer Kameraeinrichtung zu befestigen.<\/p>\n","protected":false},"excerpt":{"rendered":"<p>Diese Klemme wurde speziell f\u00fcr die Kameras der Sony a7\/a7S Serie in Verbindung mit dem Tiltaing Sony a7\/a9 Kamerak\u00e4fig entwickelt. Er wird direkt am K\u00e4fig befestigt und erm\u00f6glicht es Ihnen, sowohl ein Lauf-\/Stopp- als auch ein HDMI-Kabel fest und sicher [&hellip;]<\/p>\n","protected":false},"featured_media":1960223,"comment_status":"closed","ping_status":"closed","template":"","meta":[],"product_cat":[1047,4448,1130,1263],"product_tag":[],"acf":[],"gallery_images":[],"_links":{"self":[{"href":"https:\/\/eu.tilta.com\/de\/wp-json\/wp\/v2\/product\/1974227"}],"collection":[{"href":"https:\/\/eu.tilta.com\/de\/wp-json\/wp\/v2\/product"}],"about":[{"href":"https:\/\/eu.tilta.com\/de\/wp-json\/wp\/v2\/types\/product"}],"replies":[{"embeddable":true,"href":"https:\/\/eu.tilta.com\/de\/wp-json\/wp\/v2\/comments?post=1974227"}],"wp:featuredmedia":[{"embeddable":true,"href":"https:\/\/eu.tilta.com\/de\/wp-json\/wp\/v2\/media\/1960223"}],"wp:attachment":[{"href":"https:\/\/eu.tilta.com\/de\/wp-json\/wp\/v2\/media?parent=1974227"}],"wp:term":[{"taxonomy":"product_cat","embeddable":true,"href":"https:\/\/eu.tilta.com\/de\/wp-json\/wp\/v2\/product_cat?post=1974227"},{"taxonomy":"product_tag","embeddable":true,"href":"https:\/\/eu.tilta.com\/de\/wp-json\/wp\/v2\/product_tag?post=1974227"}],"curies":[{"name":"wp","href":"https:\/\/api.w.org\/{rel}","templated":true}]}}