{"id":1974251,"date":"2019-04-26T20:36:24","date_gmt":"2019-04-26T18:36:24","guid":{"rendered":"https:\/\/de.tilta.com\/shop\/15mm-lws-grundplatte-typ-i\/"},"modified":"2025-12-05T12:19:44","modified_gmt":"2025-12-05T11:19:44","slug":"15mm-lws-baseplate-for-bmpcc4k","status":"publish","type":"product","link":"https:\/\/eu.tilta.com\/de\/shop\/15mm-lws-baseplate-for-bmpcc4k\/","title":{"rendered":"15mm LWS Grundplatte Typ I"},"content":{"rendered":"<p>Diese 15-mm-LWS-Basisplatte l\u00e4sst sich leicht auf die Basis der Tiltaing Halb- und Vollkamerak\u00e4fige f\u00fcr Z CAM, BMPCC 4K\/6K, Canon R5\/R6, .<\/p>\n<p>Er verf\u00fcgt \u00fcber 15 mm LWS-Rutenhalterungen, an denen Sie rutenbasiertes Zubeh\u00f6r befestigen k\u00f6nnen, und ist \u00fcber einen Adapter mit Tilta Standard Dovetails oder ARRI Standard Dovetails kompatibel.<\/p>\n<p>1\/4\u2033-20 Gewinde an der Unterseite unterst\u00fctzen fast jede Schnellwechselplatte.<\/p>\n","protected":false},"excerpt":{"rendered":"<p>Diese 15-mm-LWS-Basisplatte l\u00e4sst sich leicht auf die Basis der Tiltaing Halb- und Vollkamerak\u00e4fige f\u00fcr Z CAM, BMPCC 4K\/6K, Canon R5\/R6, . Er verf\u00fcgt \u00fcber 15 mm LWS-Rutenhalterungen, an denen Sie rutenbasiertes Zubeh\u00f6r befestigen k\u00f6nnen, und ist \u00fcber einen Adapter mit [&hellip;]<\/p>\n","protected":false},"featured_media":1962341,"comment_status":"closed","ping_status":"closed","template":"","meta":[],"product_cat":[1047,1080,1090,1106,1107,1110,1114,1135,1136,1188],"product_tag":[],"acf":[],"gallery_images":[885061,46179],"_links":{"self":[{"href":"https:\/\/eu.tilta.com\/de\/wp-json\/wp\/v2\/product\/1974251"}],"collection":[{"href":"https:\/\/eu.tilta.com\/de\/wp-json\/wp\/v2\/product"}],"about":[{"href":"https:\/\/eu.tilta.com\/de\/wp-json\/wp\/v2\/types\/product"}],"replies":[{"embeddable":true,"href":"https:\/\/eu.tilta.com\/de\/wp-json\/wp\/v2\/comments?post=1974251"}],"wp:featuredmedia":[{"embeddable":true,"href":"https:\/\/eu.tilta.com\/de\/wp-json\/wp\/v2\/media\/1962341"}],"wp:attachment":[{"href":"https:\/\/eu.tilta.com\/de\/wp-json\/wp\/v2\/media?parent=1974251"}],"wp:term":[{"taxonomy":"product_cat","embeddable":true,"href":"https:\/\/eu.tilta.com\/de\/wp-json\/wp\/v2\/product_cat?post=1974251"},{"taxonomy":"product_tag","embeddable":true,"href":"https:\/\/eu.tilta.com\/de\/wp-json\/wp\/v2\/product_tag?post=1974251"}],"curies":[{"name":"wp","href":"https:\/\/api.w.org\/{rel}","templated":true}]}}