{"id":1974255,"date":"2019-03-15T13:43:16","date_gmt":"2019-03-15T12:43:16","guid":{"rendered":"https:\/\/de.tilta.com\/shop\/15mm-bottom-single-rod-holder\/"},"modified":"2026-03-24T00:40:44","modified_gmt":"2026-03-23T23:40:44","slug":"15mm-bottom-single-rod-holder","status":"publish","type":"product","link":"https:\/\/eu.tilta.com\/de\/shop\/15mm-bottom-single-rod-holder\/","title":{"rendered":"15mm Bottom Single Rod Holder"},"content":{"rendered":"<p>Dieser 15-mm-Einzelstabhalter wird an der Unterseite von Tiltaing Halb- und Vollkamerak\u00e4figen befestigt.<\/p>\n<p>Damit k\u00f6nnen Sie eine einzelne 15-mm-Stange an der Unterseite Ihrer Kamera befestigen, um Zubeh\u00f6r mit Stangen zu befestigen, wie z.B. drahtlose Follow Focus Motoren.<\/p>\n<p>Das Design dieses Rutenhalters macht ihn zu einer der besten und leichtesten Optionen, um eine 15-mm-Rute an Ihrem System zu befestigen.<\/p>\n<p>Das macht sie zur perfekten L\u00f6sung f\u00fcr Gimbals und andere Kamerakonstruktionen, bei denen es auf das Gewicht ankommt.<\/p>\n","protected":false},"excerpt":{"rendered":"<p>Dieser 15-mm-Einzelstabhalter wird an der Unterseite von Tiltaing Halb- und Vollkamerak\u00e4figen befestigt. Damit k\u00f6nnen Sie eine einzelne 15-mm-Stange an der Unterseite Ihrer Kamera befestigen, um Zubeh\u00f6r mit Stangen zu befestigen, wie z.B. drahtlose Follow Focus Motoren. Das Design dieses Rutenhalters [&hellip;]<\/p>\n","protected":false},"featured_media":1960567,"comment_status":"closed","ping_status":"closed","template":"","meta":[],"product_cat":[4448,1079,1080,1089,1090,1091,1095,1096,1097,1101,1102,1103,1105,1106,1107,1108,1109,1110,1112,1114,1116,1118,1119,1120,1122,1124,1125,1126,1071,1128,1129,1130,1135,1136,1137,1065],"product_tag":[],"acf":[],"gallery_images":[46391,46390,46392],"_links":{"self":[{"href":"https:\/\/eu.tilta.com\/de\/wp-json\/wp\/v2\/product\/1974255"}],"collection":[{"href":"https:\/\/eu.tilta.com\/de\/wp-json\/wp\/v2\/product"}],"about":[{"href":"https:\/\/eu.tilta.com\/de\/wp-json\/wp\/v2\/types\/product"}],"replies":[{"embeddable":true,"href":"https:\/\/eu.tilta.com\/de\/wp-json\/wp\/v2\/comments?post=1974255"}],"wp:featuredmedia":[{"embeddable":true,"href":"https:\/\/eu.tilta.com\/de\/wp-json\/wp\/v2\/media\/1960567"}],"wp:attachment":[{"href":"https:\/\/eu.tilta.com\/de\/wp-json\/wp\/v2\/media?parent=1974255"}],"wp:term":[{"taxonomy":"product_cat","embeddable":true,"href":"https:\/\/eu.tilta.com\/de\/wp-json\/wp\/v2\/product_cat?post=1974255"},{"taxonomy":"product_tag","embeddable":true,"href":"https:\/\/eu.tilta.com\/de\/wp-json\/wp\/v2\/product_tag?post=1974255"}],"curies":[{"name":"wp","href":"https:\/\/api.w.org\/{rel}","templated":true}]}}