{"id":1974258,"date":"2019-03-15T13:36:47","date_gmt":"2019-03-15T12:36:47","guid":{"rendered":"https:\/\/de.tilta.com\/shop\/15mm-top-single-rod-holder\/"},"modified":"2025-12-05T12:20:25","modified_gmt":"2025-12-05T11:20:25","slug":"15mm-top-single-rod-holder","status":"publish","type":"product","link":"https:\/\/eu.tilta.com\/de\/shop\/15mm-top-single-rod-holder\/","title":{"rendered":"15mm Top Single Rod Holder"},"content":{"rendered":"<p>Dieser 15-mm-Einzelstabhalter wird an der Oberseite von Tiltaing Halb- und Vollkamerak\u00e4figen befestigt.<\/p>\n<p>Damit k\u00f6nnen Sie einen einzelnen 15-mm-Stab an der Oberseite Ihrer Kamera in der L\u00e4nge befestigen, um stangenbasiertes Zubeh\u00f6r wie elektronische Sucher (EVFs) anzubringen.<\/p>\n<p>Das Design dieses Rutenhalters macht ihn zu einer der besten leichten Optionen, um eine 15-mm-Rute horizontal an Ihrem System zu befestigen.<\/p>\n<p>Das macht ihn zur perfekten L\u00f6sung f\u00fcr die Montage von EVFs auf Kamerasystemen ohne native EVF-Unterst\u00fctzung.<\/p>\n","protected":false},"excerpt":{"rendered":"<p>Dieser 15-mm-Einzelstabhalter wird an der Oberseite von Tiltaing Halb- und Vollkamerak\u00e4figen befestigt. Damit k\u00f6nnen Sie einen einzelnen 15-mm-Stab an der Oberseite Ihrer Kamera in der L\u00e4nge befestigen, um stangenbasiertes Zubeh\u00f6r wie elektronische Sucher (EVFs) anzubringen. Das Design dieses Rutenhalters macht [&hellip;]<\/p>\n","protected":false},"featured_media":1960563,"comment_status":"closed","ping_status":"closed","template":"","meta":[],"product_cat":[1079,1080,1086,1087,1088,1089,1090,1091,1095,1096,1097,1101,1102,1103,1105,1106,1107,1108,1109,1110,1112,1114,1116,1118,1119,1120,1122,1124,1125,1126,1071,1128,1129,1130,1135,1136,1137,1065],"product_tag":[],"acf":[],"gallery_images":[46358],"_links":{"self":[{"href":"https:\/\/eu.tilta.com\/de\/wp-json\/wp\/v2\/product\/1974258"}],"collection":[{"href":"https:\/\/eu.tilta.com\/de\/wp-json\/wp\/v2\/product"}],"about":[{"href":"https:\/\/eu.tilta.com\/de\/wp-json\/wp\/v2\/types\/product"}],"replies":[{"embeddable":true,"href":"https:\/\/eu.tilta.com\/de\/wp-json\/wp\/v2\/comments?post=1974258"}],"wp:featuredmedia":[{"embeddable":true,"href":"https:\/\/eu.tilta.com\/de\/wp-json\/wp\/v2\/media\/1960563"}],"wp:attachment":[{"href":"https:\/\/eu.tilta.com\/de\/wp-json\/wp\/v2\/media?parent=1974258"}],"wp:term":[{"taxonomy":"product_cat","embeddable":true,"href":"https:\/\/eu.tilta.com\/de\/wp-json\/wp\/v2\/product_cat?post=1974258"},{"taxonomy":"product_tag","embeddable":true,"href":"https:\/\/eu.tilta.com\/de\/wp-json\/wp\/v2\/product_tag?post=1974258"}],"curies":[{"name":"wp","href":"https:\/\/api.w.org\/{rel}","templated":true}]}}