{"id":1974272,"date":"2019-02-13T12:52:28","date_gmt":"2019-02-13T11:52:28","guid":{"rendered":"https:\/\/de.tilta.com\/shop\/p-tap-zu-red-dsmc2-stromkabel\/"},"modified":"2026-02-16T09:00:19","modified_gmt":"2026-02-16T08:00:19","slug":"p-tap-to-red-dsmc2-power-cable-2","status":"publish","type":"product","link":"https:\/\/eu.tilta.com\/de\/shop\/p-tap-to-red-dsmc2-power-cable-2\/","title":{"rendered":"P-TAP zu RED DSMC2 Stromkabel"},"content":{"rendered":"<p>Dieses P-Tap zu RED DSMC2 Stromkabel wurde f\u00fcr die Verwendung mit (wenn auch nicht ausschlie\u00dflich) der Tilta Universal Battery Plate entwickelt. Mit diesem Kabel k\u00f6nnen Sie RED DSMC2-Kameras \u00fcber den 4+2-poligen Lemo-Stromeingang mit Strom versorgen, indem Sie dieses Kabel an einen P-Tap-Stromausgang anschlie\u00dfen.<\/p>\n","protected":false},"excerpt":{"rendered":"<p>Dieses P-Tap zu RED DSMC2 Stromkabel wurde f\u00fcr die Verwendung mit (wenn auch nicht ausschlie\u00dflich) der Tilta Universal Battery Plate entwickelt. Mit diesem Kabel k\u00f6nnen Sie RED DSMC2-Kameras \u00fcber den 4+2-poligen Lemo-Stromeingang mit Strom versorgen, indem Sie dieses Kabel an [&hellip;]<\/p>\n","protected":false},"featured_media":1959714,"comment_status":"closed","ping_status":"closed","template":"","meta":[],"product_cat":[4448,1316,1315,1240],"product_tag":[],"acf":[],"gallery_images":[10895],"_links":{"self":[{"href":"https:\/\/eu.tilta.com\/de\/wp-json\/wp\/v2\/product\/1974272"}],"collection":[{"href":"https:\/\/eu.tilta.com\/de\/wp-json\/wp\/v2\/product"}],"about":[{"href":"https:\/\/eu.tilta.com\/de\/wp-json\/wp\/v2\/types\/product"}],"replies":[{"embeddable":true,"href":"https:\/\/eu.tilta.com\/de\/wp-json\/wp\/v2\/comments?post=1974272"}],"wp:featuredmedia":[{"embeddable":true,"href":"https:\/\/eu.tilta.com\/de\/wp-json\/wp\/v2\/media\/1959714"}],"wp:attachment":[{"href":"https:\/\/eu.tilta.com\/de\/wp-json\/wp\/v2\/media?parent=1974272"}],"wp:term":[{"taxonomy":"product_cat","embeddable":true,"href":"https:\/\/eu.tilta.com\/de\/wp-json\/wp\/v2\/product_cat?post=1974272"},{"taxonomy":"product_tag","embeddable":true,"href":"https:\/\/eu.tilta.com\/de\/wp-json\/wp\/v2\/product_tag?post=1974272"}],"curies":[{"name":"wp","href":"https:\/\/api.w.org\/{rel}","templated":true}]}}