{"id":1974273,"date":"2019-01-25T18:06:53","date_gmt":"2019-01-25T17:06:53","guid":{"rendered":"https:\/\/de.tilta.com\/shop\/professional-handgrip-side-arms-mit-schaumstoffgriffen-paar\/"},"modified":"2025-12-05T12:20:13","modified_gmt":"2025-12-05T11:20:13","slug":"professional-handgrips-side-arms-pair","status":"publish","type":"product","link":"https:\/\/eu.tilta.com\/de\/shop\/professional-handgrips-side-arms-pair\/","title":{"rendered":"Professional Handgrip Side Arms mit Schaumstoffgriffen (Paar)"},"content":{"rendered":"<p>Dieses Paar Handgriffe verf\u00fcgt \u00fcber Arri-Standard-Rosettenanschl\u00fcsse, so dass sie an jeder kompatiblen Rosette befestigt werden k\u00f6nnen. Die verstellbaren, ausziehbaren Arme erm\u00f6glichen es Ihnen, den Winkel und die L\u00e4nge der Handgriffe f\u00fcr maximalen Bedienkomfort einzustellen.<\/p>\n","protected":false},"excerpt":{"rendered":"<p>Dieses Paar Handgriffe verf\u00fcgt \u00fcber Arri-Standard-Rosettenanschl\u00fcsse, so dass sie an jeder kompatiblen Rosette befestigt werden k\u00f6nnen. Die verstellbaren, ausziehbaren Arme erm\u00f6glichen es Ihnen, den Winkel und die L\u00e4nge der Handgriffe f\u00fcr maximalen Bedienkomfort einzustellen.<\/p>\n","protected":false},"featured_media":1959780,"comment_status":"closed","ping_status":"closed","template":"","meta":[],"product_cat":[3232,1283],"product_tag":[],"acf":[],"gallery_images":[],"_links":{"self":[{"href":"https:\/\/eu.tilta.com\/de\/wp-json\/wp\/v2\/product\/1974273"}],"collection":[{"href":"https:\/\/eu.tilta.com\/de\/wp-json\/wp\/v2\/product"}],"about":[{"href":"https:\/\/eu.tilta.com\/de\/wp-json\/wp\/v2\/types\/product"}],"replies":[{"embeddable":true,"href":"https:\/\/eu.tilta.com\/de\/wp-json\/wp\/v2\/comments?post=1974273"}],"wp:featuredmedia":[{"embeddable":true,"href":"https:\/\/eu.tilta.com\/de\/wp-json\/wp\/v2\/media\/1959780"}],"wp:attachment":[{"href":"https:\/\/eu.tilta.com\/de\/wp-json\/wp\/v2\/media?parent=1974273"}],"wp:term":[{"taxonomy":"product_cat","embeddable":true,"href":"https:\/\/eu.tilta.com\/de\/wp-json\/wp\/v2\/product_cat?post=1974273"},{"taxonomy":"product_tag","embeddable":true,"href":"https:\/\/eu.tilta.com\/de\/wp-json\/wp\/v2\/product_tag?post=1974273"}],"curies":[{"name":"wp","href":"https:\/\/api.w.org\/{rel}","templated":true}]}}