{"id":1974276,"date":"2019-01-07T15:46:03","date_gmt":"2019-01-07T14:46:03","guid":{"rendered":"https:\/\/de.tilta.com\/shop\/p-tap-auf-5-5-2-5mm-dc-stecker-kabel\/"},"modified":"2025-12-05T12:20:14","modified_gmt":"2025-12-05T11:20:14","slug":"p-tap-to-5-5-2-5mm-dc-male-cable","status":"publish","type":"product","link":"https:\/\/eu.tilta.com\/de\/shop\/p-tap-to-5-5-2-5mm-dc-male-cable\/","title":{"rendered":"P-TAP auf 5.5\/2.5mm DC Stecker Kabel"},"content":{"rendered":"<p>Dieses Stromkabel von P-Tap auf 5,5\/2,5 mm DC-Stecker wurde f\u00fcr die Verwendung mit (allerdings nicht ausschlie\u00dflich) der Tilta Universal Battery Plate entwickelt. Damit k\u00f6nnen Sie Zubeh\u00f6r, das mit Gleichstrom betrieben wird, \u00fcber einen P-Tap-Anschluss mit Strom versorgen.<\/p>\n","protected":false},"excerpt":{"rendered":"<p>Dieses Stromkabel von P-Tap auf 5,5\/2,5 mm DC-Stecker wurde f\u00fcr die Verwendung mit (allerdings nicht ausschlie\u00dflich) der Tilta Universal Battery Plate entwickelt. Damit k\u00f6nnen Sie Zubeh\u00f6r, das mit Gleichstrom betrieben wird, \u00fcber einen P-Tap-Anschluss mit Strom versorgen.<\/p>\n","protected":false},"featured_media":1959716,"comment_status":"closed","ping_status":"closed","template":"","meta":[],"product_cat":[1240],"product_tag":[],"acf":[],"gallery_images":[1959717],"_links":{"self":[{"href":"https:\/\/eu.tilta.com\/de\/wp-json\/wp\/v2\/product\/1974276"}],"collection":[{"href":"https:\/\/eu.tilta.com\/de\/wp-json\/wp\/v2\/product"}],"about":[{"href":"https:\/\/eu.tilta.com\/de\/wp-json\/wp\/v2\/types\/product"}],"replies":[{"embeddable":true,"href":"https:\/\/eu.tilta.com\/de\/wp-json\/wp\/v2\/comments?post=1974276"}],"wp:featuredmedia":[{"embeddable":true,"href":"https:\/\/eu.tilta.com\/de\/wp-json\/wp\/v2\/media\/1959716"}],"wp:attachment":[{"href":"https:\/\/eu.tilta.com\/de\/wp-json\/wp\/v2\/media?parent=1974276"}],"wp:term":[{"taxonomy":"product_cat","embeddable":true,"href":"https:\/\/eu.tilta.com\/de\/wp-json\/wp\/v2\/product_cat?post=1974276"},{"taxonomy":"product_tag","embeddable":true,"href":"https:\/\/eu.tilta.com\/de\/wp-json\/wp\/v2\/product_tag?post=1974276"}],"curies":[{"name":"wp","href":"https:\/\/api.w.org\/{rel}","templated":true}]}}