{"id":1974277,"date":"2019-01-17T10:29:17","date_gmt":"2019-01-17T09:29:17","guid":{"rendered":"https:\/\/de.tilta.com\/shop\/2-pin-lemo-auf-2-pin-lemo-kabel\/"},"modified":"2025-12-05T12:20:15","modified_gmt":"2025-12-05T11:20:15","slug":"2-pin-to-2-pin-lemo-cable","status":"publish","type":"product","link":"https:\/\/eu.tilta.com\/de\/shop\/2-pin-to-2-pin-lemo-cable\/","title":{"rendered":"2-Pin Lemo auf 2-Pin Lemo Kabel"},"content":{"rendered":"<p>Mit diesem 2-poligen Lemo-auf-2-poligen-Lemo-Stromkabel k\u00f6nnen Sie 2-poliges Lemo-basiertes Zubeh\u00f6r \u00fcber einen 2-poligen Lemo-Stromanschluss an Ihrem Kamera-Rig mit Strom versorgen.<\/p>\n","protected":false},"excerpt":{"rendered":"<p>Mit diesem 2-poligen Lemo-auf-2-poligen-Lemo-Stromkabel k\u00f6nnen Sie 2-poliges Lemo-basiertes Zubeh\u00f6r \u00fcber einen 2-poligen Lemo-Stromanschluss an Ihrem Kamera-Rig mit Strom versorgen.<\/p>\n","protected":false},"featured_media":1959696,"comment_status":"closed","ping_status":"closed","template":"","meta":[],"product_cat":[1240],"product_tag":[],"acf":[],"gallery_images":[10877],"_links":{"self":[{"href":"https:\/\/eu.tilta.com\/de\/wp-json\/wp\/v2\/product\/1974277"}],"collection":[{"href":"https:\/\/eu.tilta.com\/de\/wp-json\/wp\/v2\/product"}],"about":[{"href":"https:\/\/eu.tilta.com\/de\/wp-json\/wp\/v2\/types\/product"}],"replies":[{"embeddable":true,"href":"https:\/\/eu.tilta.com\/de\/wp-json\/wp\/v2\/comments?post=1974277"}],"wp:featuredmedia":[{"embeddable":true,"href":"https:\/\/eu.tilta.com\/de\/wp-json\/wp\/v2\/media\/1959696"}],"wp:attachment":[{"href":"https:\/\/eu.tilta.com\/de\/wp-json\/wp\/v2\/media?parent=1974277"}],"wp:term":[{"taxonomy":"product_cat","embeddable":true,"href":"https:\/\/eu.tilta.com\/de\/wp-json\/wp\/v2\/product_cat?post=1974277"},{"taxonomy":"product_tag","embeddable":true,"href":"https:\/\/eu.tilta.com\/de\/wp-json\/wp\/v2\/product_tag?post=1974277"}],"curies":[{"name":"wp","href":"https:\/\/api.w.org\/{rel}","templated":true}]}}