{"id":1974314,"date":"2018-11-12T14:13:56","date_gmt":"2018-11-12T13:13:56","guid":{"rendered":"https:\/\/de.tilta.com\/shop\/90-grad-usb-c-kabel-20cm\/"},"modified":"2025-12-05T12:20:17","modified_gmt":"2025-12-05T11:20:17","slug":"90-degree-usb-c-cable-for-bmpcc-4k-20cm","status":"publish","type":"product","link":"https:\/\/eu.tilta.com\/de\/shop\/90-degree-usb-c-cable-for-bmpcc-4k-20cm\/","title":{"rendered":"90-Grad-USB-C-Kabel (20cm)"},"content":{"rendered":"<p>Dieses 20 cm lange USB-C-Kabel wurde speziell f\u00fcr den Tilta BMPCC 4K-Kamerak\u00e4fig entwickelt. Es ist mit einer 90-Grad-Verbindung an jedem Ende versehen, so dass das Kabel perfekt an der Seite des K\u00e4figs anliegt.<\/p>\n","protected":false},"excerpt":{"rendered":"<p>Dieses 20 cm lange USB-C-Kabel wurde speziell f\u00fcr den Tilta BMPCC 4K-Kamerak\u00e4fig entwickelt. Es ist mit einer 90-Grad-Verbindung an jedem Ende versehen, so dass das Kabel perfekt an der Seite des K\u00e4figs anliegt.<\/p>\n","protected":false},"featured_media":1960192,"comment_status":"closed","ping_status":"closed","template":"","meta":[],"product_cat":[3382,1073,1080,1264],"product_tag":[],"acf":[],"gallery_images":[46537],"_links":{"self":[{"href":"https:\/\/eu.tilta.com\/de\/wp-json\/wp\/v2\/product\/1974314"}],"collection":[{"href":"https:\/\/eu.tilta.com\/de\/wp-json\/wp\/v2\/product"}],"about":[{"href":"https:\/\/eu.tilta.com\/de\/wp-json\/wp\/v2\/types\/product"}],"replies":[{"embeddable":true,"href":"https:\/\/eu.tilta.com\/de\/wp-json\/wp\/v2\/comments?post=1974314"}],"wp:featuredmedia":[{"embeddable":true,"href":"https:\/\/eu.tilta.com\/de\/wp-json\/wp\/v2\/media\/1960192"}],"wp:attachment":[{"href":"https:\/\/eu.tilta.com\/de\/wp-json\/wp\/v2\/media?parent=1974314"}],"wp:term":[{"taxonomy":"product_cat","embeddable":true,"href":"https:\/\/eu.tilta.com\/de\/wp-json\/wp\/v2\/product_cat?post=1974314"},{"taxonomy":"product_tag","embeddable":true,"href":"https:\/\/eu.tilta.com\/de\/wp-json\/wp\/v2\/product_tag?post=1974314"}],"curies":[{"name":"wp","href":"https:\/\/api.w.org\/{rel}","templated":true}]}}