{"id":1974316,"date":"2018-05-21T12:13:46","date_gmt":"2018-05-21T10:13:46","guid":{"rendered":"https:\/\/de.tilta.com\/shop\/19mm-stange\/"},"modified":"2026-02-16T09:02:36","modified_gmt":"2026-02-16T08:02:36","slug":"19mm-rod","status":"publish","type":"product","link":"https:\/\/eu.tilta.com\/de\/shop\/19mm-rod\/","title":{"rendered":"19mm Stange"},"content":{"rendered":"<p>Diese Stangen sind mit 19-mm-Studiogrundplatten kompatibel und bieten eine M\u00f6glichkeit, Zubeh\u00f6r an Ihrer Kameraausr\u00fcstung zu befestigen. Der Preis gilt f\u00fcr 1 Rute.<\/p>\n<p style=\"font-weight: 400\">Die folgenden Ruten haben ein Innengewinde: R19-250, RS19-200, RS19-250. Die folgenden Ruten haben kein Innengewinde: R19-450, RS19-450, RS19-550.<\/p>\n","protected":false},"excerpt":{"rendered":"<p>Diese Stangen sind mit 19-mm-Studiogrundplatten kompatibel und bieten eine M\u00f6glichkeit, Zubeh\u00f6r an Ihrer Kameraausr\u00fcstung zu befestigen. Der Preis gilt f\u00fcr 1 Rute. Die folgenden Ruten haben ein Innengewinde: R19-250, RS19-200, RS19-250. Die folgenden Ruten haben kein Innengewinde: R19-450, RS19-450, RS19-550.<\/p>\n","protected":false},"featured_media":1959114,"comment_status":"closed","ping_status":"closed","template":"","meta":[],"product_cat":[4448,1065],"product_tag":[],"acf":[],"gallery_images":[],"_links":{"self":[{"href":"https:\/\/eu.tilta.com\/de\/wp-json\/wp\/v2\/product\/1974316"}],"collection":[{"href":"https:\/\/eu.tilta.com\/de\/wp-json\/wp\/v2\/product"}],"about":[{"href":"https:\/\/eu.tilta.com\/de\/wp-json\/wp\/v2\/types\/product"}],"replies":[{"embeddable":true,"href":"https:\/\/eu.tilta.com\/de\/wp-json\/wp\/v2\/comments?post=1974316"}],"wp:featuredmedia":[{"embeddable":true,"href":"https:\/\/eu.tilta.com\/de\/wp-json\/wp\/v2\/media\/1959114"}],"wp:attachment":[{"href":"https:\/\/eu.tilta.com\/de\/wp-json\/wp\/v2\/media?parent=1974316"}],"wp:term":[{"taxonomy":"product_cat","embeddable":true,"href":"https:\/\/eu.tilta.com\/de\/wp-json\/wp\/v2\/product_cat?post=1974316"},{"taxonomy":"product_tag","embeddable":true,"href":"https:\/\/eu.tilta.com\/de\/wp-json\/wp\/v2\/product_tag?post=1974316"}],"curies":[{"name":"wp","href":"https:\/\/api.w.org\/{rel}","templated":true}]}}