{"id":1974317,"date":"2018-05-21T13:01:38","date_gmt":"2018-05-21T11:01:38","guid":{"rendered":"https:\/\/de.tilta.com\/shop\/15mm-aluminium-stab\/"},"modified":"2026-02-16T09:02:36","modified_gmt":"2026-02-16T08:02:36","slug":"15mm-aluminum-rod","status":"publish","type":"product","link":"https:\/\/eu.tilta.com\/de\/shop\/15mm-aluminum-rod\/","title":{"rendered":"15mm Aluminium Stab"},"content":{"rendered":"<p>Diese Stangen sind mit 15mm Studio- und 15mm LWS-Basisplatten kompatibel und bieten eine M\u00f6glichkeit, Zubeh\u00f6r an Ihrem Kamera-Rig zu befestigen. Der Preis gilt f\u00fcr 1 Rute.<\/p>\n","protected":false},"excerpt":{"rendered":"<p>Diese Stangen sind mit 15mm Studio- und 15mm LWS-Basisplatten kompatibel und bieten eine M\u00f6glichkeit, Zubeh\u00f6r an Ihrem Kamera-Rig zu befestigen. Der Preis gilt f\u00fcr 1 Rute.<\/p>\n","protected":false},"featured_media":1959121,"comment_status":"closed","ping_status":"closed","template":"","meta":[],"product_cat":[4448,1065],"product_tag":[],"acf":[],"gallery_images":[],"_links":{"self":[{"href":"https:\/\/eu.tilta.com\/de\/wp-json\/wp\/v2\/product\/1974317"}],"collection":[{"href":"https:\/\/eu.tilta.com\/de\/wp-json\/wp\/v2\/product"}],"about":[{"href":"https:\/\/eu.tilta.com\/de\/wp-json\/wp\/v2\/types\/product"}],"replies":[{"embeddable":true,"href":"https:\/\/eu.tilta.com\/de\/wp-json\/wp\/v2\/comments?post=1974317"}],"wp:featuredmedia":[{"embeddable":true,"href":"https:\/\/eu.tilta.com\/de\/wp-json\/wp\/v2\/media\/1959121"}],"wp:attachment":[{"href":"https:\/\/eu.tilta.com\/de\/wp-json\/wp\/v2\/media?parent=1974317"}],"wp:term":[{"taxonomy":"product_cat","embeddable":true,"href":"https:\/\/eu.tilta.com\/de\/wp-json\/wp\/v2\/product_cat?post=1974317"},{"taxonomy":"product_tag","embeddable":true,"href":"https:\/\/eu.tilta.com\/de\/wp-json\/wp\/v2\/product_tag?post=1974317"}],"curies":[{"name":"wp","href":"https:\/\/api.w.org\/{rel}","templated":true}]}}