{"id":1974318,"date":"2018-07-12T13:49:18","date_gmt":"2018-07-12T11:49:18","guid":{"rendered":"https:\/\/de.tilta.com\/shop\/nucleus-m-7-pin-zu-7-pin-motor-zu-motor-verbindungskabel\/"},"modified":"2025-12-05T12:21:05","modified_gmt":"2025-12-05T11:21:05","slug":"nucleus-m-7-pin-to-7-pin-motor-to-motor-connection-cable","status":"publish","type":"product","link":"https:\/\/eu.tilta.com\/de\/shop\/nucleus-m-7-pin-to-7-pin-motor-to-motor-connection-cable\/","title":{"rendered":"Nucleus-M 7-Pin zu 7-Pin Motor zu Motor Verbindungskabel"},"content":{"rendered":"<p>Dieses 7-polige auf 7-polige Stromversorgungskabel wird verwendet, um eine Verkettung zwischen zwei Nucleus-M Follow Focus Motoren herzustellen, die sowohl die Kommunikation als auch die Stromverteilung zwischen den Motoren erm\u00f6glicht.<\/p>\n<p>Beachten Sie, dass ein P-Tap-auf-7-Pin- oder ein 3-Pin-auf-7-Pin-Kabel ben\u00f6tigt wird, um zun\u00e4chst einen der Motoren mit Strom zu versorgen, bevor dieses Kabel Strom und Informationen an einen anderen Motor \u00fcbertr\u00e4gt. Er ist in 18 cm oder 55 cm L\u00e4nge erh\u00e4ltlich.<\/p>\n","protected":false},"excerpt":{"rendered":"<p>Dieses 7-polige auf 7-polige Stromversorgungskabel wird verwendet, um eine Verkettung zwischen zwei Nucleus-M Follow Focus Motoren herzustellen, die sowohl die Kommunikation als auch die Stromverteilung zwischen den Motoren erm\u00f6glicht. Beachten Sie, dass ein P-Tap-auf-7-Pin- oder ein 3-Pin-auf-7-Pin-Kabel ben\u00f6tigt wird, um [&hellip;]<\/p>\n","protected":false},"featured_media":1958630,"comment_status":"closed","ping_status":"closed","template":"","meta":[],"product_cat":[1281,1264],"product_tag":[1317,1318,1320],"acf":[],"gallery_images":[],"_links":{"self":[{"href":"https:\/\/eu.tilta.com\/de\/wp-json\/wp\/v2\/product\/1974318"}],"collection":[{"href":"https:\/\/eu.tilta.com\/de\/wp-json\/wp\/v2\/product"}],"about":[{"href":"https:\/\/eu.tilta.com\/de\/wp-json\/wp\/v2\/types\/product"}],"replies":[{"embeddable":true,"href":"https:\/\/eu.tilta.com\/de\/wp-json\/wp\/v2\/comments?post=1974318"}],"wp:featuredmedia":[{"embeddable":true,"href":"https:\/\/eu.tilta.com\/de\/wp-json\/wp\/v2\/media\/1958630"}],"wp:attachment":[{"href":"https:\/\/eu.tilta.com\/de\/wp-json\/wp\/v2\/media?parent=1974318"}],"wp:term":[{"taxonomy":"product_cat","embeddable":true,"href":"https:\/\/eu.tilta.com\/de\/wp-json\/wp\/v2\/product_cat?post=1974318"},{"taxonomy":"product_tag","embeddable":true,"href":"https:\/\/eu.tilta.com\/de\/wp-json\/wp\/v2\/product_tag?post=1974318"}],"curies":[{"name":"wp","href":"https:\/\/api.w.org\/{rel}","templated":true}]}}