{"id":1974375,"date":"2017-09-29T14:52:19","date_gmt":"2017-09-29T12:52:19","guid":{"rendered":"https:\/\/de.tilta.com\/shop\/nucleus-m-fiz-handgeraet-lanyard\/"},"modified":"2025-12-05T12:21:31","modified_gmt":"2025-12-05T11:21:31","slug":"nucleus-m-fiz-hand-unit-lanyard","status":"publish","type":"product","link":"https:\/\/eu.tilta.com\/de\/shop\/nucleus-m-fiz-hand-unit-lanyard\/","title":{"rendered":"Nucleus-M FIZ Handger\u00e4t Lanyard"},"content":{"rendered":"<p>Dieses ma\u00dfgefertigte Schl\u00fcsselband wird am Nucleus-M Handger\u00e4t befestigt, damit Sie es in hektischen Zeiten am Set immer nah am K\u00f6rper tragen k\u00f6nnen.<\/p>\n","protected":false},"excerpt":{"rendered":"<p>Dieses ma\u00dfgefertigte Schl\u00fcsselband wird am Nucleus-M Handger\u00e4t befestigt, damit Sie es in hektischen Zeiten am Set immer nah am K\u00f6rper tragen k\u00f6nnen.<\/p>\n","protected":false},"featured_media":1959158,"comment_status":"closed","ping_status":"closed","template":"","meta":[],"product_cat":[1281],"product_tag":[1320],"acf":[],"gallery_images":[],"_links":{"self":[{"href":"https:\/\/eu.tilta.com\/de\/wp-json\/wp\/v2\/product\/1974375"}],"collection":[{"href":"https:\/\/eu.tilta.com\/de\/wp-json\/wp\/v2\/product"}],"about":[{"href":"https:\/\/eu.tilta.com\/de\/wp-json\/wp\/v2\/types\/product"}],"replies":[{"embeddable":true,"href":"https:\/\/eu.tilta.com\/de\/wp-json\/wp\/v2\/comments?post=1974375"}],"wp:featuredmedia":[{"embeddable":true,"href":"https:\/\/eu.tilta.com\/de\/wp-json\/wp\/v2\/media\/1959158"}],"wp:attachment":[{"href":"https:\/\/eu.tilta.com\/de\/wp-json\/wp\/v2\/media?parent=1974375"}],"wp:term":[{"taxonomy":"product_cat","embeddable":true,"href":"https:\/\/eu.tilta.com\/de\/wp-json\/wp\/v2\/product_cat?post=1974375"},{"taxonomy":"product_tag","embeddable":true,"href":"https:\/\/eu.tilta.com\/de\/wp-json\/wp\/v2\/product_tag?post=1974375"}],"curies":[{"name":"wp","href":"https:\/\/api.w.org\/{rel}","templated":true}]}}