{"id":1974377,"date":"2017-08-31T10:26:11","date_gmt":"2017-08-31T08:26:11","guid":{"rendered":"https:\/\/de.tilta.com\/shop\/nucleus-m-follow-focus-markierungsscheibe-x4\/"},"modified":"2025-12-05T12:21:31","modified_gmt":"2025-12-05T11:21:31","slug":"nucleus-m-follow-focus-marking-disk-x4","status":"publish","type":"product","link":"https:\/\/eu.tilta.com\/de\/shop\/nucleus-m-follow-focus-marking-disk-x4\/","title":{"rendered":"Nucleus-M Follow Focus Markierungsscheibe (x4)"},"content":{"rendered":"<p>Diese Fokusmarkierungsscheiben werden am Handrad des FIZ-Handger\u00e4ts befestigt und erm\u00f6glichen es Ihnen, individuelle Markierungen f\u00fcr pr\u00e4zise Fokusausz\u00fcge zu setzen.<\/p>\n","protected":false},"excerpt":{"rendered":"<p>Diese Fokusmarkierungsscheiben werden am Handrad des FIZ-Handger\u00e4ts befestigt und erm\u00f6glichen es Ihnen, individuelle Markierungen f\u00fcr pr\u00e4zise Fokusausz\u00fcge zu setzen.<\/p>\n","protected":false},"featured_media":1958485,"comment_status":"closed","ping_status":"closed","template":"","meta":[],"product_cat":[1281],"product_tag":[],"acf":[],"gallery_images":[2504],"_links":{"self":[{"href":"https:\/\/eu.tilta.com\/de\/wp-json\/wp\/v2\/product\/1974377"}],"collection":[{"href":"https:\/\/eu.tilta.com\/de\/wp-json\/wp\/v2\/product"}],"about":[{"href":"https:\/\/eu.tilta.com\/de\/wp-json\/wp\/v2\/types\/product"}],"replies":[{"embeddable":true,"href":"https:\/\/eu.tilta.com\/de\/wp-json\/wp\/v2\/comments?post=1974377"}],"wp:featuredmedia":[{"embeddable":true,"href":"https:\/\/eu.tilta.com\/de\/wp-json\/wp\/v2\/media\/1958485"}],"wp:attachment":[{"href":"https:\/\/eu.tilta.com\/de\/wp-json\/wp\/v2\/media?parent=1974377"}],"wp:term":[{"taxonomy":"product_cat","embeddable":true,"href":"https:\/\/eu.tilta.com\/de\/wp-json\/wp\/v2\/product_cat?post=1974377"},{"taxonomy":"product_tag","embeddable":true,"href":"https:\/\/eu.tilta.com\/de\/wp-json\/wp\/v2\/product_tag?post=1974377"}],"curies":[{"name":"wp","href":"https:\/\/api.w.org\/{rel}","templated":true}]}}