{"id":1974378,"date":"2017-08-31T10:11:01","date_gmt":"2017-08-31T08:11:01","guid":{"rendered":"https:\/\/de.tilta.com\/shop\/hdmi-auf-micro-hdmi-adapter\/"},"modified":"2026-04-02T00:06:35","modified_gmt":"2026-04-01T22:06:35","slug":"hdmi-micro-hdmi-adpater","status":"publish","type":"product","link":"https:\/\/eu.tilta.com\/de\/shop\/hdmi-micro-hdmi-adpater\/","title":{"rendered":"HDMI auf Micro HDMI Adapter"},"content":{"rendered":"<p>Dieses Kabel ist zur Verwendung mit dem Tilta Kamerak\u00e4fig f\u00fcr die Sony a7\/a9 Serie und dem Tilta Kamerak\u00e4fig f\u00fcr die Sony a6 Serie geeignet. Er passt den Micro-HDMI-Anschluss der Kamera an eine HDMI-Buchse an und erm\u00f6glicht so den Anschluss eines externen Monitors und\/oder Senders \u00fcber ein normales HDMI-Kabel.<\/p>\n","protected":false},"excerpt":{"rendered":"<p>Dieses Kabel ist zur Verwendung mit dem Tilta Kamerak\u00e4fig f\u00fcr die Sony a7\/a9 Serie und dem Tilta Kamerak\u00e4fig f\u00fcr die Sony a6 Serie geeignet. Er passt den Micro-HDMI-Anschluss der Kamera an eine HDMI-Buchse an und erm\u00f6glicht so den Anschluss eines [&hellip;]<\/p>\n","protected":false},"featured_media":1959321,"comment_status":"closed","ping_status":"closed","template":"","meta":[],"product_cat":[1097,1130],"product_tag":[1318],"acf":[],"gallery_images":[],"_links":{"self":[{"href":"https:\/\/eu.tilta.com\/de\/wp-json\/wp\/v2\/product\/1974378"}],"collection":[{"href":"https:\/\/eu.tilta.com\/de\/wp-json\/wp\/v2\/product"}],"about":[{"href":"https:\/\/eu.tilta.com\/de\/wp-json\/wp\/v2\/types\/product"}],"replies":[{"embeddable":true,"href":"https:\/\/eu.tilta.com\/de\/wp-json\/wp\/v2\/comments?post=1974378"}],"wp:featuredmedia":[{"embeddable":true,"href":"https:\/\/eu.tilta.com\/de\/wp-json\/wp\/v2\/media\/1959321"}],"wp:attachment":[{"href":"https:\/\/eu.tilta.com\/de\/wp-json\/wp\/v2\/media?parent=1974378"}],"wp:term":[{"taxonomy":"product_cat","embeddable":true,"href":"https:\/\/eu.tilta.com\/de\/wp-json\/wp\/v2\/product_cat?post=1974378"},{"taxonomy":"product_tag","embeddable":true,"href":"https:\/\/eu.tilta.com\/de\/wp-json\/wp\/v2\/product_tag?post=1974378"}],"curies":[{"name":"wp","href":"https:\/\/api.w.org\/{rel}","templated":true}]}}