{"id":1974380,"date":"2017-08-11T17:32:03","date_gmt":"2017-08-11T15:32:03","guid":{"rendered":"https:\/\/de.tilta.com\/shop\/nucleus-m-handgriff-rechts\/"},"modified":"2026-03-06T10:16:00","modified_gmt":"2026-03-06T09:16:00","slug":"nucleus-m-handle-grip-right","status":"publish","type":"product","link":"https:\/\/eu.tilta.com\/de\/shop\/nucleus-m-handle-grip-right\/","title":{"rendered":"Nucleus-M Handgriff (rechts)"},"content":{"rendered":"<p>Mit diesem Nucleus M Right Hand Grip k\u00f6nnen Sie Ihre Nucleus M und Nucleus Nano kabellosen Fokusmotoren steuern.<\/p>\n<p>Mit dem rechten Handgriff k\u00f6nnen Sie ganz einfach zwei beliebige, vom AC zugewiesene Motoren \u00fcber den Zoom-Joystick oder den Iris-Fingerknopf steuern. Das individuelle Motordrehmoment kann \u00fcber das Men\u00fc des Griffs ge\u00e4ndert werden.<\/p>\n<p>Fernstart\/-stopp ist m\u00f6glich, indem Sie ein kompatibles Nucleus-M R\/S Kabel in den offenen 7-poligen Anschluss eines Motors stecken. Dies erm\u00f6glicht Ihnen dann R\/S-Funktionen \u00fcber die REC-Taste des Handgriffs.<\/p>\n<p>A-B-Stopps k\u00f6nnen f\u00fcr den Joystick und den Drehknopf individuell erstellt werden, und der Ausschlag des Fingerknopfs kann f\u00fcr k\u00fcrzere oder l\u00e4ngere Ausschl\u00e4ge angepasst werden.<\/p>\n<p>Stromversorgung durch (2) 18650er Batterien &#8211; <strong>NICHT enthalten<\/strong>. Der Handgriff kann \u00fcber den 7-poligen Anschluss der Kamera mit Strom versorgt werden.<\/p>\n<hr>\n","protected":false},"excerpt":{"rendered":"<p>Mit diesem Nucleus M Right Hand Grip k\u00f6nnen Sie Ihre Nucleus M und Nucleus Nano kabellosen Fokusmotoren steuern. Mit dem rechten Handgriff k\u00f6nnen Sie ganz einfach zwei beliebige, vom AC zugewiesene Motoren \u00fcber den Zoom-Joystick oder den Iris-Fingerknopf steuern. Das [&hellip;]<\/p>\n","protected":false},"featured_media":1960335,"comment_status":"closed","ping_status":"closed","template":"","meta":[],"product_cat":[1281],"product_tag":[1320],"acf":[],"gallery_images":[],"_links":{"self":[{"href":"https:\/\/eu.tilta.com\/de\/wp-json\/wp\/v2\/product\/1974380"}],"collection":[{"href":"https:\/\/eu.tilta.com\/de\/wp-json\/wp\/v2\/product"}],"about":[{"href":"https:\/\/eu.tilta.com\/de\/wp-json\/wp\/v2\/types\/product"}],"replies":[{"embeddable":true,"href":"https:\/\/eu.tilta.com\/de\/wp-json\/wp\/v2\/comments?post=1974380"}],"wp:featuredmedia":[{"embeddable":true,"href":"https:\/\/eu.tilta.com\/de\/wp-json\/wp\/v2\/media\/1960335"}],"wp:attachment":[{"href":"https:\/\/eu.tilta.com\/de\/wp-json\/wp\/v2\/media?parent=1974380"}],"wp:term":[{"taxonomy":"product_cat","embeddable":true,"href":"https:\/\/eu.tilta.com\/de\/wp-json\/wp\/v2\/product_cat?post=1974380"},{"taxonomy":"product_tag","embeddable":true,"href":"https:\/\/eu.tilta.com\/de\/wp-json\/wp\/v2\/product_tag?post=1974380"}],"curies":[{"name":"wp","href":"https:\/\/api.w.org\/{rel}","templated":true}]}}