{"id":1974381,"date":"2017-08-08T08:58:02","date_gmt":"2017-08-08T06:58:02","guid":{"rendered":"https:\/\/de.tilta.com\/shop\/nucleus-m-handgriff-links\/"},"modified":"2025-12-05T12:21:33","modified_gmt":"2025-12-05T11:21:33","slug":"nucleus-m-handle-grip-left","status":"publish","type":"product","link":"https:\/\/eu.tilta.com\/de\/shop\/nucleus-m-handle-grip-left\/","title":{"rendered":"Nucleus-M Handgriff (links)"},"content":{"rendered":"<p>Mit diesem Nucleus M Linkshandgriff k\u00f6nnen Sie Ihre kabellosen Nucleus M und Nucleus Nano Fokusmotoren steuern.<\/p>\n<p>Der linke Handgriff kann einen einzelnen Motor steuern, der durch den AC-Fingerknopf zugewiesen wird. Das individuelle Motordrehmoment kann \u00fcber das Men\u00fc des Griffs ge\u00e4ndert werden.<\/p>\n<p>Fernstart\/-stopp ist m\u00f6glich, indem Sie ein kompatibles Nucleus-M R\/S Kabel in den offenen 7-poligen Anschluss eines Motors stecken. Dies erm\u00f6glicht Ihnen dann R\/S-Funktionen \u00fcber die REC-Taste des Handgriffs.<\/p>\n<p>F\u00fcr den Fingerknauf k\u00f6nnen A-B-Stops erstellt werden und der Wurf kann f\u00fcr k\u00fcrzere oder l\u00e4ngere Wurfweiten angepasst werden.<\/p>\n<p>Stromversorgung durch (2) 18650er Batterien &#8211; <strong>NICHT enthalten<\/strong>. Der Handgriff kann \u00fcber den 7-poligen Anschluss der Kamera mit Strom versorgt werden.<\/p>\n<hr>\n","protected":false},"excerpt":{"rendered":"<p>Mit diesem Nucleus M Linkshandgriff k\u00f6nnen Sie Ihre kabellosen Nucleus M und Nucleus Nano Fokusmotoren steuern. Der linke Handgriff kann einen einzelnen Motor steuern, der durch den AC-Fingerknopf zugewiesen wird. Das individuelle Motordrehmoment kann \u00fcber das Men\u00fc des Griffs ge\u00e4ndert [&hellip;]<\/p>\n","protected":false},"featured_media":1960336,"comment_status":"closed","ping_status":"closed","template":"","meta":[],"product_cat":[1281],"product_tag":[],"acf":[],"gallery_images":[],"_links":{"self":[{"href":"https:\/\/eu.tilta.com\/de\/wp-json\/wp\/v2\/product\/1974381"}],"collection":[{"href":"https:\/\/eu.tilta.com\/de\/wp-json\/wp\/v2\/product"}],"about":[{"href":"https:\/\/eu.tilta.com\/de\/wp-json\/wp\/v2\/types\/product"}],"replies":[{"embeddable":true,"href":"https:\/\/eu.tilta.com\/de\/wp-json\/wp\/v2\/comments?post=1974381"}],"wp:featuredmedia":[{"embeddable":true,"href":"https:\/\/eu.tilta.com\/de\/wp-json\/wp\/v2\/media\/1960336"}],"wp:attachment":[{"href":"https:\/\/eu.tilta.com\/de\/wp-json\/wp\/v2\/media?parent=1974381"}],"wp:term":[{"taxonomy":"product_cat","embeddable":true,"href":"https:\/\/eu.tilta.com\/de\/wp-json\/wp\/v2\/product_cat?post=1974381"},{"taxonomy":"product_tag","embeddable":true,"href":"https:\/\/eu.tilta.com\/de\/wp-json\/wp\/v2\/product_tag?post=1974381"}],"curies":[{"name":"wp","href":"https:\/\/api.w.org\/{rel}","templated":true}]}}