{"id":1974384,"date":"2017-07-31T14:27:20","date_gmt":"2017-07-31T12:27:20","guid":{"rendered":"https:\/\/de.tilta.com\/shop\/nucleus-m-handgriff-auf-arri-standard-rosettenadapter\/"},"modified":"2026-04-30T10:00:07","modified_gmt":"2026-04-30T08:00:07","slug":"nucleus-m-handle-grip-mount-arri-standard-rosette-adapter-lr","status":"publish","type":"product","link":"https:\/\/eu.tilta.com\/de\/shop\/nucleus-m-handle-grip-mount-arri-standard-rosette-adapter-lr\/","title":{"rendered":"Nucleus-M Handgriff auf Arri Standard Rosettenadapter"},"content":{"rendered":"<div class=\"overview-text\">\n<p>Das Nucleus-M: Wireless Lens Control System wurde im Hinblick auf Vielseitigkeit entwickelt. Mit diesen Adaptern k\u00f6nnen Sie Ihre Nucleus-M Handgriffe ganz einfach an jede Arri Standard-Rosette anschlie\u00dfen, um einen handgef\u00fchrten oder kardanischen Betrieb zu erm\u00f6glichen.<\/p>\n<p>Das Paket enth\u00e4lt zwei Adapter, einen f\u00fcr den linken und einen f\u00fcr den rechten Nucleus-M Handgriff.<\/p>\n<\/div>\n","protected":false},"excerpt":{"rendered":"<p>Das Nucleus-M: Wireless Lens Control System wurde im Hinblick auf Vielseitigkeit entwickelt. Mit diesen Adaptern k\u00f6nnen Sie Ihre Nucleus-M Handgriffe ganz einfach an jede Arri Standard-Rosette anschlie\u00dfen, um einen handgef\u00fchrten oder kardanischen Betrieb zu erm\u00f6glichen. Das Paket enth\u00e4lt zwei Adapter, [&hellip;]<\/p>\n","protected":false},"featured_media":1958574,"comment_status":"closed","ping_status":"closed","template":"","meta":[],"product_cat":[1281],"product_tag":[],"acf":[],"gallery_images":[],"_links":{"self":[{"href":"https:\/\/eu.tilta.com\/de\/wp-json\/wp\/v2\/product\/1974384"}],"collection":[{"href":"https:\/\/eu.tilta.com\/de\/wp-json\/wp\/v2\/product"}],"about":[{"href":"https:\/\/eu.tilta.com\/de\/wp-json\/wp\/v2\/types\/product"}],"replies":[{"embeddable":true,"href":"https:\/\/eu.tilta.com\/de\/wp-json\/wp\/v2\/comments?post=1974384"}],"wp:featuredmedia":[{"embeddable":true,"href":"https:\/\/eu.tilta.com\/de\/wp-json\/wp\/v2\/media\/1958574"}],"wp:attachment":[{"href":"https:\/\/eu.tilta.com\/de\/wp-json\/wp\/v2\/media?parent=1974384"}],"wp:term":[{"taxonomy":"product_cat","embeddable":true,"href":"https:\/\/eu.tilta.com\/de\/wp-json\/wp\/v2\/product_cat?post=1974384"},{"taxonomy":"product_tag","embeddable":true,"href":"https:\/\/eu.tilta.com\/de\/wp-json\/wp\/v2\/product_tag?post=1974384"}],"curies":[{"name":"wp","href":"https:\/\/api.w.org\/{rel}","templated":true}]}}