{"id":1974385,"date":"2017-07-31T12:50:33","date_gmt":"2017-07-31T10:50:33","guid":{"rendered":"https:\/\/de.tilta.com\/shop\/nucleus-m-handgriff-zu-gimbal-adaptern\/"},"modified":"2026-04-30T10:00:07","modified_gmt":"2026-04-30T08:00:07","slug":"nucleus-m-handle-grip-mount-gimbal-adapter-lr","status":"publish","type":"product","link":"https:\/\/eu.tilta.com\/de\/shop\/nucleus-m-handle-grip-mount-gimbal-adapter-lr\/","title":{"rendered":"Nucleus-M Handgriff zu Gimbal-Adaptern"},"content":{"rendered":"<div class=\"overview-text\">\n<p>Das Nucleus-M: Wireless Lens Control System wurde mit Blick auf Vielseitigkeit entwickelt. Mit diesen Adaptern k\u00f6nnen Sie Ihre Nucleus-M Handgriffe sowohl an Gimbals mit 30 mm als auch mit 25 mm Durchmesser anschlie\u00dfen.<\/p>\n<p>Das Paket enth\u00e4lt zwei Adapter, einen f\u00fcr den linken und einen f\u00fcr den rechten Handgriff.<\/p>\n<\/div>\n","protected":false},"excerpt":{"rendered":"<p>Das Nucleus-M: Wireless Lens Control System wurde mit Blick auf Vielseitigkeit entwickelt. Mit diesen Adaptern k\u00f6nnen Sie Ihre Nucleus-M Handgriffe sowohl an Gimbals mit 30 mm als auch mit 25 mm Durchmesser anschlie\u00dfen. Das Paket enth\u00e4lt zwei Adapter, einen f\u00fcr [&hellip;]<\/p>\n","protected":false},"featured_media":1958552,"comment_status":"closed","ping_status":"closed","template":"","meta":[],"product_cat":[1281],"product_tag":[],"acf":[],"gallery_images":[],"_links":{"self":[{"href":"https:\/\/eu.tilta.com\/de\/wp-json\/wp\/v2\/product\/1974385"}],"collection":[{"href":"https:\/\/eu.tilta.com\/de\/wp-json\/wp\/v2\/product"}],"about":[{"href":"https:\/\/eu.tilta.com\/de\/wp-json\/wp\/v2\/types\/product"}],"replies":[{"embeddable":true,"href":"https:\/\/eu.tilta.com\/de\/wp-json\/wp\/v2\/comments?post=1974385"}],"wp:featuredmedia":[{"embeddable":true,"href":"https:\/\/eu.tilta.com\/de\/wp-json\/wp\/v2\/media\/1958552"}],"wp:attachment":[{"href":"https:\/\/eu.tilta.com\/de\/wp-json\/wp\/v2\/media?parent=1974385"}],"wp:term":[{"taxonomy":"product_cat","embeddable":true,"href":"https:\/\/eu.tilta.com\/de\/wp-json\/wp\/v2\/product_cat?post=1974385"},{"taxonomy":"product_tag","embeddable":true,"href":"https:\/\/eu.tilta.com\/de\/wp-json\/wp\/v2\/product_tag?post=1974385"}],"curies":[{"name":"wp","href":"https:\/\/api.w.org\/{rel}","templated":true}]}}