{"id":1974386,"date":"2017-07-24T13:48:07","date_gmt":"2017-07-24T11:48:07","guid":{"rendered":"https:\/\/de.tilta.com\/shop\/schnellspanner-handgriff-bruecke\/"},"modified":"2025-12-05T12:21:39","modified_gmt":"2025-12-05T11:21:39","slug":"nucleus-m-quick-release-handle-grip-bridge-19mm15mm-lwr","status":"publish","type":"product","link":"https:\/\/eu.tilta.com\/de\/shop\/nucleus-m-quick-release-handle-grip-bridge-19mm15mm-lwr\/","title":{"rendered":"Schnellspanner Handgriff Br\u00fccke"},"content":{"rendered":"<div class=\"overview-text\">\n<p>Mit dieser Handgriffbr\u00fccke k\u00f6nnen Sie Ihre Handgriffe schnell an das Stangensystem Ihrer Kamera anschlie\u00dfen, damit Sie in Sekundenschnelle f\u00fcr den Handbetrieb bereit sind. Setzen Sie die Br\u00fccke einfach auf die Stangen und verwenden Sie die handfeste Schraube zum Einrasten.<\/p>\n<p>Die Br\u00fccke ist in zwei Versionen erh\u00e4ltlich: eine mit Stangenbefestigungsklemmen f\u00fcr 15-mm-Studio- und 15-mm-LWS-Setups und eine andere mit Klemmen f\u00fcr 19-mm-Studio- und 15-mm-LWS-Setups.<\/p>\n<\/div>\n","protected":false},"excerpt":{"rendered":"<p>Mit dieser Handgriffbr\u00fccke k\u00f6nnen Sie Ihre Handgriffe schnell an das Stangensystem Ihrer Kamera anschlie\u00dfen, damit Sie in Sekundenschnelle f\u00fcr den Handbetrieb bereit sind. Setzen Sie die Br\u00fccke einfach auf die Stangen und verwenden Sie die handfeste Schraube zum Einrasten. Die [&hellip;]<\/p>\n","protected":false},"featured_media":1958729,"comment_status":"closed","ping_status":"closed","template":"","meta":[],"product_cat":[1281,1283],"product_tag":[1320],"acf":[],"gallery_images":[],"_links":{"self":[{"href":"https:\/\/eu.tilta.com\/de\/wp-json\/wp\/v2\/product\/1974386"}],"collection":[{"href":"https:\/\/eu.tilta.com\/de\/wp-json\/wp\/v2\/product"}],"about":[{"href":"https:\/\/eu.tilta.com\/de\/wp-json\/wp\/v2\/types\/product"}],"replies":[{"embeddable":true,"href":"https:\/\/eu.tilta.com\/de\/wp-json\/wp\/v2\/comments?post=1974386"}],"wp:featuredmedia":[{"embeddable":true,"href":"https:\/\/eu.tilta.com\/de\/wp-json\/wp\/v2\/media\/1958729"}],"wp:attachment":[{"href":"https:\/\/eu.tilta.com\/de\/wp-json\/wp\/v2\/media?parent=1974386"}],"wp:term":[{"taxonomy":"product_cat","embeddable":true,"href":"https:\/\/eu.tilta.com\/de\/wp-json\/wp\/v2\/product_cat?post=1974386"},{"taxonomy":"product_tag","embeddable":true,"href":"https:\/\/eu.tilta.com\/de\/wp-json\/wp\/v2\/product_tag?post=1974386"}],"curies":[{"name":"wp","href":"https:\/\/api.w.org\/{rel}","templated":true}]}}