{"id":1974396,"date":"2017-07-20T11:48:42","date_gmt":"2017-07-20T09:48:42","guid":{"rendered":"https:\/\/de.tilta.com\/shop\/nucleus-m-kabelloses-objektivsteuerungssystem\/"},"modified":"2026-04-30T10:00:51","modified_gmt":"2026-04-30T08:00:51","slug":"nucleus-m-wireless-follow-focus","status":"publish","type":"product","link":"https:\/\/eu.tilta.com\/de\/shop\/nucleus-m-wireless-follow-focus\/","title":{"rendered":"Nucleus-M: Kabelloses Objektivsteuerungssystem"},"content":{"rendered":"<p>Der Nucleus-M ist ein revolution\u00e4res und hochgradig anpassbares drahtloses 3-Kanal-Objektivsteuerungssystem.<\/p>\n<p>Damit haben Sie die volle Kontrolle \u00fcber Fokus, Blende und Zoom, entweder \u00fcber die FIZ-Handeinheit oder \u00fcber die beiden drahtlosen Handgriffe. Sie k\u00f6nnen die Kontrolle \u00fcber die Kan\u00e4le sogar per Knopfdruck zwischen der Handeinheit und den kabellosen Handgriffen aufteilen, wie Sie es f\u00fcr richtig halten.<\/p>\n<p>Die kabellose Reichweite des Handger\u00e4ts und der Handgriffe betr\u00e4gt 1.000 Fu\u00df.<\/p>\n<p>Die Handgriffe k\u00f6nnen f\u00fcr den Handbetrieb an den mitgelieferten Rosettenhalterungen befestigt werden. Sie k\u00f6nnen auch mit den mitgelieferten <a href=\"https:\/\/de.tilta.com\/shop\/nucleus-m-handle-grip-mount-gimbal-adapter-lr\/\">Nucleus-M Hand Grip to Gimbal Adaptern<\/a> an Top Bar-basierten Gimbals oder mit den optionalen <a href=\"https:\/\/de.tilta.com\/shop\/nucleus-m-hand-grips-universal-gimbal-adapter-rosettes-lr\/\">Nucleus-M Hand Grip Universal Gimbal Ring Adaptern<\/a> an Ring-basierten Gimbals angebracht werden.<\/p>\n<p>Jeder Motor verf\u00fcgt \u00fcber einen eigenen eingebauten Motorantrieb, der direkt mit der Handeinheit und den Handgriffen kommuniziert. Dadurch m\u00fcssen Sie keinen separaten MDR an Ihrem Rig montieren, was eine kompaktere Kameraeinstellung und eine schnellere Einrichtung erm\u00f6glicht.<\/p>\n<p>Stellen Sie einfach die Motoren und die Handeinheit\/Handgriffe auf denselben Kanal ein und Sie haben die volle Kontrolle.<\/p>\n<p>Die Motoren erm\u00f6glichen eine automatische Kalibrierung des Objektivs sowie eine manuelle Kalibrierung, wenn Sie Objektive verwenden, die keine harten Endanschl\u00e4ge bei Nahfokus und Unendlichkeit haben.<\/p>\n<p>Die Motoren sind so konzipiert, dass sie auf <a href=\"https:\/\/de.tilta.com\/shop\/19mm-rod\/\">19mm<\/a> oder <a href=\"https:\/\/de.tilta.com\/shop\/15mm-aluminum-rod\/\">15mm Stangen<\/a> (mit den mitgelieferten Stangenbuchsen) geklemmt werden k\u00f6nnen. Dank des Clamp-On-Designs k\u00f6nnen Sie die Motoren einfach anbringen und abnehmen, ohne dass Sie anderes Zubeh\u00f6r von Ihrem Setup entfernen m\u00fcssen.<\/p>\n<p>An jedem Motor ist ein Zahnrad mit 0,8 mod, 35 Z\u00e4hnen und 32 Teilungen angebracht, was die Standardgr\u00f6\u00dfe f\u00fcr Kinoobjektive ist.  <strong>Das Drehmoment des Nucleus-M Motors bei 14,8V betr\u00e4gt 2,5N-m<\/strong><\/p>\n<p>Um die Motoren mit Strom zu versorgen, muss nur ein Stromanschluss an Ihrer Kameraausr\u00fcstung verwendet werden. Schlie\u00dfen Sie einfach das P-Tap-Stromkabel an einen der Motoren an und versorgen Sie dann die \u00fcbrigen Motoren mit den kurzen 7-poligen Kabeln mit Strom.<\/p>\n<p><strong>Die Motoren k\u00f6nnen \u00fcber eine Stromquelle mit einer Ausgangsspannung von 7,2V-24V betrieben werden.<\/strong><\/p>\n<p>Die Handeinheit und die Handgriffe werden jeweils mit zwei wiederaufladbaren 18650er Batterien betrieben<strong> (Batterien NICHT enthalten)<\/strong>. Bei voller Ladung halten die Batterien in den Handgriffen bis zu 2 Tage, w\u00e4hrend sie im Handger\u00e4t bis zu 10 Stunden halten.<\/p>\n<p>Fernstart\/-stopp ist m\u00f6glich, indem Sie ein kompatibles Nucleus-M R\/S Kabel in den offenen 7-poligen Anschluss eines Motors stecken. Dadurch erhalten Sie R\/S-Funktionen \u00fcber die Handeinheit und\/oder die Griffe.<\/p>\n<p><strong>** BITTE BEACHTEN SIE: Die R\/S Kabel, die wir f\u00fcr unsere Holzgriffe anbieten, sind NICHT mit dem Nucleus-M kompatibel, da die Technik und die Pin-Konfigurationen v\u00f6llig unterschiedlich sind. Die Verwendung des Holzgriffs R\/S Kabel ist mit dem Nucleus-M nicht sicher zu verwenden.  <\/strong><\/p>\n<p><strong>Verwenden Sie nur Kabel, die von uns exklusiv f\u00fcr das Nucleus-M System entwickelt wurden.  <\/strong><\/p>\n","protected":false},"excerpt":{"rendered":"<p>Der Nucleus-M ist ein revolution\u00e4res und hochgradig anpassbares drahtloses 3-Kanal-Objektivsteuerungssystem. Damit haben Sie die volle Kontrolle \u00fcber Fokus, Blende und Zoom, entweder \u00fcber die FIZ-Handeinheit oder \u00fcber die beiden drahtlosen Handgriffe. Sie k\u00f6nnen die Kontrolle \u00fcber die Kan\u00e4le sogar per [&hellip;]<\/p>\n","protected":false},"featured_media":1960467,"comment_status":"closed","ping_status":"closed","template":"","meta":[],"product_cat":[3232,1434,1078,1081,1092,1093,1111,3155,1115,1127,3154,1132,1133,1134,1281],"product_tag":[],"acf":[],"gallery_images":[1960337,1960338,1960339,1960336,1960335,1959383,1959467,1959466,1959468,1959465,1959464],"_links":{"self":[{"href":"https:\/\/eu.tilta.com\/de\/wp-json\/wp\/v2\/product\/1974396"}],"collection":[{"href":"https:\/\/eu.tilta.com\/de\/wp-json\/wp\/v2\/product"}],"about":[{"href":"https:\/\/eu.tilta.com\/de\/wp-json\/wp\/v2\/types\/product"}],"replies":[{"embeddable":true,"href":"https:\/\/eu.tilta.com\/de\/wp-json\/wp\/v2\/comments?post=1974396"}],"wp:featuredmedia":[{"embeddable":true,"href":"https:\/\/eu.tilta.com\/de\/wp-json\/wp\/v2\/media\/1960467"}],"wp:attachment":[{"href":"https:\/\/eu.tilta.com\/de\/wp-json\/wp\/v2\/media?parent=1974396"}],"wp:term":[{"taxonomy":"product_cat","embeddable":true,"href":"https:\/\/eu.tilta.com\/de\/wp-json\/wp\/v2\/product_cat?post=1974396"},{"taxonomy":"product_tag","embeddable":true,"href":"https:\/\/eu.tilta.com\/de\/wp-json\/wp\/v2\/product_tag?post=1974396"}],"curies":[{"name":"wp","href":"https:\/\/api.w.org\/{rel}","templated":true}]}}