{"id":1974414,"date":"2017-04-05T12:52:01","date_gmt":"2017-04-05T10:52:01","guid":{"rendered":"https:\/\/de.tilta.com\/shop\/15mm-lws-linsenhalterung\/"},"modified":"2025-12-05T12:21:57","modified_gmt":"2025-12-05T11:21:57","slug":"15mm-lens-support-15mm-rod-adapter-ls-t03","status":"publish","type":"product","link":"https:\/\/eu.tilta.com\/de\/shop\/15mm-lens-support-15mm-rod-adapter-ls-t03\/","title":{"rendered":"15mm LWS Linsenhalterung"},"content":{"rendered":"<p>Diese Objektivst\u00fctze bietet Ihnen Stabilit\u00e4t f\u00fcr Ihr Objektiv und ist gleichzeitig mit 15mm LWS-St\u00e4ben kompatibel.<\/p>\n<p>Mit dem verstellbaren Knopf in der Mitte k\u00f6nnen Sie die Halterung anheben und absenken, um Ihr Objektiv sicher zu fixieren.<\/p>\n<p>Au\u00dferdem verf\u00fcgt er \u00fcber ein offenes Design, mit dem er an die Stangen geklemmt wird, so dass Sie ihn leicht anbringen und abnehmen k\u00f6nnen, ohne anderes Zubeh\u00f6r entfernen zu m\u00fcssen.<\/p>\n","protected":false},"excerpt":{"rendered":"<p>Diese Objektivst\u00fctze bietet Ihnen Stabilit\u00e4t f\u00fcr Ihr Objektiv und ist gleichzeitig mit 15mm LWS-St\u00e4ben kompatibel. Mit dem verstellbaren Knopf in der Mitte k\u00f6nnen Sie die Halterung anheben und absenken, um Ihr Objektiv sicher zu fixieren. Au\u00dferdem verf\u00fcgt er \u00fcber ein [&hellip;]<\/p>\n","protected":false},"featured_media":1959289,"comment_status":"closed","ping_status":"closed","template":"","meta":[],"product_cat":[1179,1177],"product_tag":[1184,1181],"acf":[],"gallery_images":[5241,5239],"_links":{"self":[{"href":"https:\/\/eu.tilta.com\/de\/wp-json\/wp\/v2\/product\/1974414"}],"collection":[{"href":"https:\/\/eu.tilta.com\/de\/wp-json\/wp\/v2\/product"}],"about":[{"href":"https:\/\/eu.tilta.com\/de\/wp-json\/wp\/v2\/types\/product"}],"replies":[{"embeddable":true,"href":"https:\/\/eu.tilta.com\/de\/wp-json\/wp\/v2\/comments?post=1974414"}],"wp:featuredmedia":[{"embeddable":true,"href":"https:\/\/eu.tilta.com\/de\/wp-json\/wp\/v2\/media\/1959289"}],"wp:attachment":[{"href":"https:\/\/eu.tilta.com\/de\/wp-json\/wp\/v2\/media?parent=1974414"}],"wp:term":[{"taxonomy":"product_cat","embeddable":true,"href":"https:\/\/eu.tilta.com\/de\/wp-json\/wp\/v2\/product_cat?post=1974414"},{"taxonomy":"product_tag","embeddable":true,"href":"https:\/\/eu.tilta.com\/de\/wp-json\/wp\/v2\/product_tag?post=1974414"}],"curies":[{"name":"wp","href":"https:\/\/api.w.org\/{rel}","templated":true}]}}