{"id":1974416,"date":"2017-04-05T12:03:45","date_gmt":"2017-04-05T10:03:45","guid":{"rendered":"https:\/\/de.tilta.com\/shop\/19mm-schwalbenschwanz-schulterbefestigungssystem\/"},"modified":"2025-12-05T12:21:58","modified_gmt":"2025-12-05T11:21:58","slug":"19mm-dovetail-shoulder-mount-system-tt-0506-a19","status":"publish","type":"product","link":"https:\/\/eu.tilta.com\/de\/shop\/19mm-dovetail-shoulder-mount-system-tt-0506-a19\/","title":{"rendered":"19mm Schwalbenschwanz-Schulterbefestigungssystem"},"content":{"rendered":"<p><strong>DIE 19MM VERSION IST KOMPATIBEL MIT ARRI STANDARD-BASISPLATTEN<\/strong><\/p>\n<p>Dieses Schulter-Rig auf Schwalbenschwanzbasis ist die perfekte L\u00f6sung f\u00fcr die schultergetragene, handgef\u00fchrte Kameraarbeit mit Kamerasystemen, die ARRI Standard-Basisplatten verwenden.<\/p>\n<p>Schieben Sie die Kamera einfach auf die ARRI Standard Schwalbenschwanzplatte und bringen Sie sie in die gew\u00fcnschte Position, bevor Sie sie verriegeln.<\/p>\n<p>Das Schulterpolster kann auch unabh\u00e4ngig eingestellt werden, so dass Sie das Kamerasystem perfekt auf Ihrer Schulter ausbalancieren k\u00f6nnen.<\/p>\n<p>Die verstellbaren, ausziehbaren Arme erm\u00f6glichen es Ihnen, den Winkel und die L\u00e4nge der Handgriffe f\u00fcr maximalen Bedienkomfort einzustellen.<\/p>\n<p>In Kombination mit einem <a href=\"https:\/\/de.tilta.com\/shop\/12-dovetail-plate-tt-c07\/\">ARRI-Standardschwalbenschwanz<\/a> k\u00f6nnen Sie schnell von einem Stativ oder einem anderen Tr\u00e4gersystem zu einer Schulterkamera mit Handkamera wechseln.<\/p>\n<p>Die Tilta Basisplatten k\u00f6nnen mit unserer <a href=\"https:\/\/de.tilta.com\/shop\/19mm-tilta-studio-multi-functional-baseplate-tt-c06-d\/\">Tilta Standard zu ARRI Standard Basisplatte<\/a> an dieses Schulterrig angepasst werden.<\/p>\n","protected":false},"excerpt":{"rendered":"<p>DIE 19MM VERSION IST KOMPATIBEL MIT ARRI STANDARD-BASISPLATTEN Dieses Schulter-Rig auf Schwalbenschwanzbasis ist die perfekte L\u00f6sung f\u00fcr die schultergetragene, handgef\u00fchrte Kameraarbeit mit Kamerasystemen, die ARRI Standard-Basisplatten verwenden. Schieben Sie die Kamera einfach auf die ARRI Standard Schwalbenschwanzplatte und bringen Sie [&hellip;]<\/p>\n","protected":false},"featured_media":1959839,"comment_status":"closed","ping_status":"closed","template":"","meta":[],"product_cat":[1282],"product_tag":[],"acf":[],"gallery_images":[],"_links":{"self":[{"href":"https:\/\/eu.tilta.com\/de\/wp-json\/wp\/v2\/product\/1974416"}],"collection":[{"href":"https:\/\/eu.tilta.com\/de\/wp-json\/wp\/v2\/product"}],"about":[{"href":"https:\/\/eu.tilta.com\/de\/wp-json\/wp\/v2\/types\/product"}],"replies":[{"embeddable":true,"href":"https:\/\/eu.tilta.com\/de\/wp-json\/wp\/v2\/comments?post=1974416"}],"wp:featuredmedia":[{"embeddable":true,"href":"https:\/\/eu.tilta.com\/de\/wp-json\/wp\/v2\/media\/1959839"}],"wp:attachment":[{"href":"https:\/\/eu.tilta.com\/de\/wp-json\/wp\/v2\/media?parent=1974416"}],"wp:term":[{"taxonomy":"product_cat","embeddable":true,"href":"https:\/\/eu.tilta.com\/de\/wp-json\/wp\/v2\/product_cat?post=1974416"},{"taxonomy":"product_tag","embeddable":true,"href":"https:\/\/eu.tilta.com\/de\/wp-json\/wp\/v2\/product_tag?post=1974416"}],"curies":[{"name":"wp","href":"https:\/\/api.w.org\/{rel}","templated":true}]}}