{"id":1974418,"date":"2015-10-12T04:38:21","date_gmt":"2015-10-12T02:38:21","guid":{"rendered":"https:\/\/de.tilta.com\/shop\/universal-handgriff-15mm-19mm-alte-version\/"},"modified":"2025-12-05T12:21:58","modified_gmt":"2025-12-05T11:21:58","slug":"universal-handgriff-15mm-19mm-alte-version","status":"publish","type":"product","link":"https:\/\/eu.tilta.com\/de\/shop\/universal-handgriff-15mm-19mm-alte-version\/","title":{"rendered":"Universal Handgriff &#8211; 15mm\/19mm (Alte Version)"},"content":{"rendered":"<p><!--Main Content --><\/p>\n<div class=\"slider-container\">Dieses hochfeste, universelle Handgriffsystem l\u00e4sst sich mit 15-mm-Leichtgewichts- oder 19-mm-Stangen befestigen und erm\u00f6glicht so einen schnellen Wechsel von Hand-\/Schulterhalterungen zu anderen Kamerahalterungen und wieder zur\u00fcck. Stecken Sie die Br\u00fccke einfach auf das Gest\u00e4nge und fixieren Sie sie mit der Feststellschraube. Das Schnappdesign sorgt daf\u00fcr, dass Sie kein Zubeh\u00f6r entfernen m\u00fcssen, das bereits an den St\u00e4ben befestigt ist. Die Handgriffe bestehen aus hochwertigem Silikon f\u00fcr Komfort und Stabilit\u00e4t und k\u00f6nnen \u00fcber Arri Standard Rosetten aus Edelstahl um 360 Grad gedreht werden. Dar\u00fcber hinaus erm\u00f6glicht das Drei-Gelenk-Design Flexibilit\u00e4t und Komfort f\u00fcr den Bediener.<\/div>\n<section id=\"productfeatures\" class=\"group\"> <\/section>\n","protected":false},"excerpt":{"rendered":"<p>Dieses hochfeste, universelle Handgriffsystem l\u00e4sst sich mit 15-mm-Leichtgewichts- oder 19-mm-Stangen befestigen und erm\u00f6glicht so einen schnellen Wechsel von Hand-\/Schulterhalterungen zu anderen Kamerahalterungen und wieder zur\u00fcck. Stecken Sie die Br\u00fccke einfach auf das Gest\u00e4nge und fixieren Sie sie mit der Feststellschraube. [&hellip;]<\/p>\n","protected":false},"featured_media":1957726,"comment_status":"closed","ping_status":"closed","template":"","meta":[],"product_cat":[1346],"product_tag":[1349,1181],"acf":[],"gallery_images":[],"_links":{"self":[{"href":"https:\/\/eu.tilta.com\/de\/wp-json\/wp\/v2\/product\/1974418"}],"collection":[{"href":"https:\/\/eu.tilta.com\/de\/wp-json\/wp\/v2\/product"}],"about":[{"href":"https:\/\/eu.tilta.com\/de\/wp-json\/wp\/v2\/types\/product"}],"replies":[{"embeddable":true,"href":"https:\/\/eu.tilta.com\/de\/wp-json\/wp\/v2\/comments?post=1974418"}],"wp:featuredmedia":[{"embeddable":true,"href":"https:\/\/eu.tilta.com\/de\/wp-json\/wp\/v2\/media\/1957726"}],"wp:attachment":[{"href":"https:\/\/eu.tilta.com\/de\/wp-json\/wp\/v2\/media?parent=1974418"}],"wp:term":[{"taxonomy":"product_cat","embeddable":true,"href":"https:\/\/eu.tilta.com\/de\/wp-json\/wp\/v2\/product_cat?post=1974418"},{"taxonomy":"product_tag","embeddable":true,"href":"https:\/\/eu.tilta.com\/de\/wp-json\/wp\/v2\/product_tag?post=1974418"}],"curies":[{"name":"wp","href":"https:\/\/api.w.org\/{rel}","templated":true}]}}