{"id":1974419,"date":"2017-04-05T10:09:25","date_gmt":"2017-04-05T08:09:25","guid":{"rendered":"https:\/\/de.tilta.com\/shop\/universal-pro-handgriff-system\/"},"modified":"2025-12-05T12:22:05","modified_gmt":"2025-12-05T11:22:05","slug":"universal-pro-hand-grip-uh-t04uh-t04-15suh-t03","status":"publish","type":"product","link":"https:\/\/eu.tilta.com\/de\/shop\/universal-pro-hand-grip-uh-t04uh-t04-15suh-t03\/","title":{"rendered":"Universal Pro Handgriff System"},"content":{"rendered":"<p>Dieses hochfeste, universelle Handgriffsystem wird direkt an die Stangen Ihrer Kameraausr\u00fcstung geklemmt und erm\u00f6glicht einen superschnellen Wechsel von der Schultermontage zu anderen Kamerahalterungen und wieder zur\u00fcck. Stecken Sie die Br\u00fccke einfach auf das Gest\u00e4nge und fixieren Sie sie mit einer Feststellschraube. Dieses System gibt es in zwei verschiedenen Ausf\u00fchrungen: eine, die Befestigungspunkte f\u00fcr 15mm LWS und 15mm Studiostangensysteme bietet und eine andere, die Befestigungspunkte f\u00fcr 15mm LWS und 19mm Studiostangensysteme bietet. Dieses Schnappdesign sorgt daf\u00fcr, dass Sie kein Zubeh\u00f6r entfernen m\u00fcssen, das bereits an den St\u00e4ben befestigt ist.<\/p>\n<p>Das Rigg ist extrem stabil, solide und langlebig. Die Handgriffe bestehen aus hochdichtem Schaumstoff f\u00fcr Komfort, Halt und Stabilit\u00e4t und k\u00f6nnen \u00fcber Arri Standard Rosetten aus Edelstahl um 360 Grad gedreht werden. Dar\u00fcber hinaus erm\u00f6glicht das Drei-Gelenk-Design Flexibilit\u00e4t und Komfort f\u00fcr den Bediener. Die Rosetten-Verl\u00e4ngerungsgriffe k\u00f6nnen nach Ihren W\u00fcnschen erweitert werden.<\/p>\n","protected":false},"excerpt":{"rendered":"<p>Zur Verwendung mit Objektiv- und Kamerahalterungen mit 15mm\/19mm Stangensystemen f\u00fcr die schnelle und einfache Montage von schultermontierten Setups mit ausziehbaren Rosettenarmen.<\/p>\n","protected":false},"featured_media":1958731,"comment_status":"closed","ping_status":"closed","template":"","meta":[],"product_cat":[1283],"product_tag":[],"acf":[],"gallery_images":[],"_links":{"self":[{"href":"https:\/\/eu.tilta.com\/de\/wp-json\/wp\/v2\/product\/1974419"}],"collection":[{"href":"https:\/\/eu.tilta.com\/de\/wp-json\/wp\/v2\/product"}],"about":[{"href":"https:\/\/eu.tilta.com\/de\/wp-json\/wp\/v2\/types\/product"}],"replies":[{"embeddable":true,"href":"https:\/\/eu.tilta.com\/de\/wp-json\/wp\/v2\/comments?post=1974419"}],"wp:featuredmedia":[{"embeddable":true,"href":"https:\/\/eu.tilta.com\/de\/wp-json\/wp\/v2\/media\/1958731"}],"wp:attachment":[{"href":"https:\/\/eu.tilta.com\/de\/wp-json\/wp\/v2\/media?parent=1974419"}],"wp:term":[{"taxonomy":"product_cat","embeddable":true,"href":"https:\/\/eu.tilta.com\/de\/wp-json\/wp\/v2\/product_cat?post=1974419"},{"taxonomy":"product_tag","embeddable":true,"href":"https:\/\/eu.tilta.com\/de\/wp-json\/wp\/v2\/product_tag?post=1974419"}],"curies":[{"name":"wp","href":"https:\/\/api.w.org\/{rel}","templated":true}]}}