{"id":1974422,"date":"2015-10-12T04:13:48","date_gmt":"2015-10-12T02:13:48","guid":{"rendered":"https:\/\/de.tilta.com\/shop\/handgriff-verlaengerungsarm\/"},"modified":"2025-12-05T12:22:00","modified_gmt":"2025-12-05T11:22:00","slug":"handgriff-verlaengerungsarm","status":"publish","type":"product","link":"https:\/\/eu.tilta.com\/de\/shop\/handgriff-verlaengerungsarm\/","title":{"rendered":"Handgriff Verl\u00e4ngerungsarm"},"content":{"rendered":"<p>Dabei handelt es sich um einen sechs Zoll langen Verl\u00e4ngerungsarm mit Arri-Standardrosetten auf beiden Seiten, mit dem Sie die Handgriffe von Ihrem Handheld-Rig weg verl\u00e4ngern k\u00f6nnen. Au\u00dferdem bietet er einen weiteren Einstellpunkt f\u00fcr maximalen Komfort bei der Bedienung der Kamera.<\/p>\n","protected":false},"excerpt":{"rendered":"<p>Dabei handelt es sich um einen sechs Zoll langen Verl\u00e4ngerungsarm mit Arri-Standardrosetten auf beiden Seiten, mit dem Sie die Handgriffe von Ihrem Handheld-Rig weg verl\u00e4ngern k\u00f6nnen. Au\u00dferdem bietet er einen weiteren Einstellpunkt f\u00fcr maximalen Komfort bei der Bedienung der Kamera.<\/p>\n","protected":false},"featured_media":1957723,"comment_status":"closed","ping_status":"closed","template":"","meta":[],"product_cat":[1346],"product_tag":[1349,1181],"acf":[],"gallery_images":[],"_links":{"self":[{"href":"https:\/\/eu.tilta.com\/de\/wp-json\/wp\/v2\/product\/1974422"}],"collection":[{"href":"https:\/\/eu.tilta.com\/de\/wp-json\/wp\/v2\/product"}],"about":[{"href":"https:\/\/eu.tilta.com\/de\/wp-json\/wp\/v2\/types\/product"}],"replies":[{"embeddable":true,"href":"https:\/\/eu.tilta.com\/de\/wp-json\/wp\/v2\/comments?post=1974422"}],"wp:featuredmedia":[{"embeddable":true,"href":"https:\/\/eu.tilta.com\/de\/wp-json\/wp\/v2\/media\/1957723"}],"wp:attachment":[{"href":"https:\/\/eu.tilta.com\/de\/wp-json\/wp\/v2\/media?parent=1974422"}],"wp:term":[{"taxonomy":"product_cat","embeddable":true,"href":"https:\/\/eu.tilta.com\/de\/wp-json\/wp\/v2\/product_cat?post=1974422"},{"taxonomy":"product_tag","embeddable":true,"href":"https:\/\/eu.tilta.com\/de\/wp-json\/wp\/v2\/product_tag?post=1974422"}],"curies":[{"name":"wp","href":"https:\/\/api.w.org\/{rel}","templated":true}]}}