{"id":1974424,"date":"2017-04-04T14:36:32","date_gmt":"2017-04-04T12:36:32","guid":{"rendered":"https:\/\/de.tilta.com\/shop\/einseitiger-cine-follow-focus\/"},"modified":"2025-12-05T12:22:01","modified_gmt":"2025-12-05T11:22:01","slug":"single-sided-cine-follow-focus-case-ff-t05","status":"publish","type":"product","link":"https:\/\/eu.tilta.com\/de\/shop\/single-sided-cine-follow-focus-case-ff-t05\/","title":{"rendered":"Einseitiger Cine-Follow-Focus"},"content":{"rendered":"<p>Dieser einseitige Follow-Focus hat ein Verh\u00e4ltnis von 1:1 zwischen Handrad und Getriebe f\u00fcr extrem pr\u00e4zise Sch\u00e4rfez\u00fcge.<\/p>\n<p>Er wird sowohl an 15mm LWS als auch an 19mm Stangenhalterungen befestigt, indem er auf die Stangen aufgeschnappt wird.<\/p>\n<p>Auf diese Weise k\u00f6nnen Sie sie verstellen, anbringen und entfernen, ohne dass Sie anderes Zubeh\u00f6r, das ebenfalls an den Stangen befestigt ist, wie Matteboxen und Objektivst\u00fctzen, entfernen m\u00fcssen.<\/p>\n<p>Das Zahnrad ist an einem Drehgelenk befestigt, mit dem Sie es gegen das Objektiv drehen k\u00f6nnen, um einen festen Sitz zu gew\u00e4hrleisten.<\/p>\n<p>Sie k\u00f6nnen die gesamte Einheit auch von einer Seite zur anderen schieben, so dass Sie sie leicht an jede Objektivgr\u00f6\u00dfe anpassen k\u00f6nnen.<\/p>\n","protected":false},"excerpt":{"rendered":"<p>Dieser einseitige Follow-Focus hat ein Verh\u00e4ltnis von 1:1 zwischen Handrad und Getriebe f\u00fcr extrem pr\u00e4zise Sch\u00e4rfez\u00fcge. Er wird sowohl an 15mm LWS als auch an 19mm Stangenhalterungen befestigt, indem er auf die Stangen aufgeschnappt wird. Auf diese Weise k\u00f6nnen Sie [&hellip;]<\/p>\n","protected":false},"featured_media":1959103,"comment_status":"closed","ping_status":"closed","template":"","meta":[],"product_cat":[1350],"product_tag":[],"acf":[],"gallery_images":[],"_links":{"self":[{"href":"https:\/\/eu.tilta.com\/de\/wp-json\/wp\/v2\/product\/1974424"}],"collection":[{"href":"https:\/\/eu.tilta.com\/de\/wp-json\/wp\/v2\/product"}],"about":[{"href":"https:\/\/eu.tilta.com\/de\/wp-json\/wp\/v2\/types\/product"}],"replies":[{"embeddable":true,"href":"https:\/\/eu.tilta.com\/de\/wp-json\/wp\/v2\/comments?post=1974424"}],"wp:featuredmedia":[{"embeddable":true,"href":"https:\/\/eu.tilta.com\/de\/wp-json\/wp\/v2\/media\/1959103"}],"wp:attachment":[{"href":"https:\/\/eu.tilta.com\/de\/wp-json\/wp\/v2\/media?parent=1974424"}],"wp:term":[{"taxonomy":"product_cat","embeddable":true,"href":"https:\/\/eu.tilta.com\/de\/wp-json\/wp\/v2\/product_cat?post=1974424"},{"taxonomy":"product_tag","embeddable":true,"href":"https:\/\/eu.tilta.com\/de\/wp-json\/wp\/v2\/product_tag?post=1974424"}],"curies":[{"name":"wp","href":"https:\/\/api.w.org\/{rel}","templated":true}]}}