{"id":1974425,"date":"2017-04-04T14:19:08","date_gmt":"2017-04-04T12:19:08","guid":{"rendered":"https:\/\/de.tilta.com\/shop\/19mm-studio-tilta-standard-auf-arri-standard-multifunktionsgrundplatte\/"},"modified":"2025-12-05T12:22:30","modified_gmt":"2025-12-05T11:22:30","slug":"19mm-tilta-studio-multi-functional-baseplate-tt-c06-d","status":"publish","type":"product","link":"https:\/\/eu.tilta.com\/de\/shop\/19mm-tilta-studio-multi-functional-baseplate-tt-c06-d\/","title":{"rendered":"19mm Studio Tilta Standard auf Arri Standard Multifunktionsgrundplatte"},"content":{"rendered":"<p>Diese 19-mm-Studio-Grundplatte wurde entwickelt, um eine Tilta-Standard-Grundplatte an eine Arri-Standard-Grundplatte zu adaptieren, damit Sie Ihr Kamera-Rig auf einem Arri-Schwalbenschwanz in Standardgr\u00f6\u00dfe verwenden k\u00f6nnen.<\/p>\n<p>Der obere Teil der Grundplatte, der diese Funktion erm\u00f6glicht, kann auch entfernt und durch eine flache Oberseite ersetzt werden, so dass sie auch als regul\u00e4re Arri-Grundplatte in Standardgr\u00f6\u00dfe verwendet werden kann.<\/p>\n<p>Es verf\u00fcgt \u00fcber eine harteloxierte Oberfl\u00e4che und ist aus einer leichten und langlebigen 7075er Aluminiumlegierung CNC-gefr\u00e4st.<\/p>\n","protected":false},"excerpt":{"rendered":"<p>Diese 19-mm-Studio-Grundplatte wurde entwickelt, um eine Tilta-Standard-Grundplatte an eine Arri-Standard-Grundplatte zu adaptieren, damit Sie Ihr Kamera-Rig auf einem Arri-Schwalbenschwanz in Standardgr\u00f6\u00dfe verwenden k\u00f6nnen. Der obere Teil der Grundplatte, der diese Funktion erm\u00f6glicht, kann auch entfernt und durch eine flache Oberseite [&hellip;]<\/p>\n","protected":false},"featured_media":1959075,"comment_status":"closed","ping_status":"closed","template":"","meta":[],"product_cat":[1434,1078,1081,1092,1093,1111,1115,1127,1131,1132,1133,1134,1188,1191],"product_tag":[1189,1181],"acf":[],"gallery_images":[1959017,1959019,1959076],"_links":{"self":[{"href":"https:\/\/eu.tilta.com\/de\/wp-json\/wp\/v2\/product\/1974425"}],"collection":[{"href":"https:\/\/eu.tilta.com\/de\/wp-json\/wp\/v2\/product"}],"about":[{"href":"https:\/\/eu.tilta.com\/de\/wp-json\/wp\/v2\/types\/product"}],"replies":[{"embeddable":true,"href":"https:\/\/eu.tilta.com\/de\/wp-json\/wp\/v2\/comments?post=1974425"}],"wp:featuredmedia":[{"embeddable":true,"href":"https:\/\/eu.tilta.com\/de\/wp-json\/wp\/v2\/media\/1959075"}],"wp:attachment":[{"href":"https:\/\/eu.tilta.com\/de\/wp-json\/wp\/v2\/media?parent=1974425"}],"wp:term":[{"taxonomy":"product_cat","embeddable":true,"href":"https:\/\/eu.tilta.com\/de\/wp-json\/wp\/v2\/product_cat?post=1974425"},{"taxonomy":"product_tag","embeddable":true,"href":"https:\/\/eu.tilta.com\/de\/wp-json\/wp\/v2\/product_tag?post=1974425"}],"curies":[{"name":"wp","href":"https:\/\/api.w.org\/{rel}","templated":true}]}}