{"id":1975856,"date":"2024-05-22T17:24:10","date_gmt":"2024-05-22T15:24:10","guid":{"rendered":"https:\/\/de.tilta.com\/shop\/seitenfokus-griff-typ-i-f970-akku\/"},"modified":"2025-12-05T12:24:35","modified_gmt":"2025-12-05T11:24:35","slug":"seitenfokus-griff-typ-i-f970-akku","status":"publish","type":"product","link":"https:\/\/eu.tilta.com\/de\/shop\/seitenfokus-griff-typ-i-f970-akku\/","title":{"rendered":"Seitenfokus-Griff Typ I (F970 Akku)"},"content":{"rendered":"<p><strong>DIESER GRIFF IST NICHT KOMPATIBEL MIT DEM NUKLEUS NANO 2 MOTOR<\/strong><\/p>\n<p>Dieser Seitengriff l\u00e4sst sich auf die Basis der halben und vollen Tiltaing-Kamerak\u00e4fige schieben.<\/p>\n<p>Ein Batterieanschluss an der Unterseite des Griffs erm\u00f6glicht es Ihnen, eine Sony F970 Batterie zu verwenden, um den Nucleus Nano Motor \u00fcber den 8V Micro-USB-Ausgang mit Strom zu versorgen.<\/p>\n<p>Ein 12V DC-Ausgang ist ebenfalls in den Griff integriert.<\/p>\n<p>Mit dem eingebauten Fingerrad k\u00f6nnen Sie den Nucleus Nano Motor \u00fcber eine Kabelverbindung steuern und mit der Run\/Stopp-Taste k\u00f6nnen Sie die Aufnahme-Start\/Stopp-Funktion Ihrer Kamera \u00fcber ein optionales Nucleus-Nano R\/S-Kabel steuern (f\u00fcr Kameras, die diese Funktion unterst\u00fctzen).<\/p>\n<p>Der Griff hat au\u00dferdem einen integrierten Samsung T5 SSD-Kartenhalter.<\/p>\n<p>Die Griffe vom Typ I sind kompatibel mit den Tiltaing-Kamerak\u00e4figen f\u00fcr BMPCC 4K\/6K, Panasonic GH Serie, Nikon Z6\/Z7, Sony a6 und Fuji XT3\/XT4.<\/p>\n<p>Hinweis: 12V Micro DC Stromkabel nicht enthalten. Der Griff kommuniziert mit dem Nano-Motor \u00fcber eine kabelgebundene Verbindung und funktioniert nicht kabellos<\/p>\n","protected":false},"excerpt":{"rendered":"<p>DIESER GRIFF IST NICHT KOMPATIBEL MIT DEM NUKLEUS NANO 2 MOTOR Dieser Seitengriff l\u00e4sst sich auf die Basis der halben und vollen Tiltaing-Kamerak\u00e4fige schieben. Ein Batterieanschluss an der Unterseite des Griffs erm\u00f6glicht es Ihnen, eine Sony F970 Batterie zu verwenden, [&hellip;]<\/p>\n","protected":false},"featured_media":1978343,"comment_status":"closed","ping_status":"closed","template":"","meta":[],"product_cat":[1080,1276],"product_tag":[],"acf":[],"gallery_images":[1978344,1978345,1978346,1978347,1978348],"_links":{"self":[{"href":"https:\/\/eu.tilta.com\/de\/wp-json\/wp\/v2\/product\/1975856"}],"collection":[{"href":"https:\/\/eu.tilta.com\/de\/wp-json\/wp\/v2\/product"}],"about":[{"href":"https:\/\/eu.tilta.com\/de\/wp-json\/wp\/v2\/types\/product"}],"replies":[{"embeddable":true,"href":"https:\/\/eu.tilta.com\/de\/wp-json\/wp\/v2\/comments?post=1975856"}],"wp:featuredmedia":[{"embeddable":true,"href":"https:\/\/eu.tilta.com\/de\/wp-json\/wp\/v2\/media\/1978343"}],"wp:attachment":[{"href":"https:\/\/eu.tilta.com\/de\/wp-json\/wp\/v2\/media?parent=1975856"}],"wp:term":[{"taxonomy":"product_cat","embeddable":true,"href":"https:\/\/eu.tilta.com\/de\/wp-json\/wp\/v2\/product_cat?post=1975856"},{"taxonomy":"product_tag","embeddable":true,"href":"https:\/\/eu.tilta.com\/de\/wp-json\/wp\/v2\/product_tag?post=1975856"}],"curies":[{"name":"wp","href":"https:\/\/api.w.org\/{rel}","templated":true}]}}