{"id":1975858,"date":"2024-05-14T21:33:48","date_gmt":"2024-05-14T19:33:48","guid":{"rendered":"https:\/\/de.tilta.com\/shop\/halterung-fuer-ruecksitzmonitor-pro\/"},"modified":"2025-12-05T12:24:35","modified_gmt":"2025-12-05T11:24:35","slug":"halterung-fuer-ruecksitzmonitor-pro","status":"publish","type":"product","link":"https:\/\/eu.tilta.com\/de\/shop\/halterung-fuer-ruecksitzmonitor-pro\/","title":{"rendered":"Halterung f\u00fcr R\u00fccksitzmonitor Pro"},"content":{"rendered":"<p>Die Monitorhalterung Pro f\u00fcr den R\u00fccksitz ist die perfekte, robuste Option zur Befestigung gr\u00f6\u00dferer Monitore und Controller auf dem R\u00fccksitz eines Kamerawagens.<\/p>\n<p>Diese Halterung wird an der R\u00fcckseite einer Kopfst\u00fctze befestigt und verf\u00fcgt \u00fcber eine lange schwalbenschwanz\u00e4hnliche Platte, die sich als zus\u00e4tzlicher Kontaktpunkt am Fahrzeugboden abst\u00fctzen kann.<\/p>\n<p>Die Oberseite der Halterung verf\u00fcgt \u00fcber einen schwenkbaren 1\/4\u2033-20-Befestigungspunkt f\u00fcr eine Vielzahl verschiedener externer Monitore und eine integrierte V-Mount-Batterieplatte, die als praktische M\u00f6glichkeit zur Befestigung von V-Mount-Batterien zur Stromversorgung dieser Monitore oder von Zubeh\u00f6r wie drahtlosen Videoempf\u00e4ngern dient.<\/p>\n<p>Diese Halterung verf\u00fcgt \u00fcber eine hochbelastbare, schwenkbare Montageplatte, die sich perfekt f\u00fcr die Montage gr\u00f6\u00dferer Steuerungsoptionen wie die DJI Master Wheels eignet.<\/p>\n","protected":false},"excerpt":{"rendered":"<p>Die Monitorhalterung Pro f\u00fcr den R\u00fccksitz ist die perfekte, robuste Option zur Befestigung gr\u00f6\u00dferer Monitore und Controller auf dem R\u00fccksitz eines Kamerawagens. Diese Halterung wird an der R\u00fcckseite einer Kopfst\u00fctze befestigt und verf\u00fcgt \u00fcber eine lange schwalbenschwanz\u00e4hnliche Platte, die sich [&hellip;]<\/p>\n","protected":false},"featured_media":1978265,"comment_status":"closed","ping_status":"closed","template":"","meta":[],"product_cat":[1419,1194],"product_tag":[],"acf":[],"gallery_images":[1978270,1978271,1978272,1978273],"_links":{"self":[{"href":"https:\/\/eu.tilta.com\/de\/wp-json\/wp\/v2\/product\/1975858"}],"collection":[{"href":"https:\/\/eu.tilta.com\/de\/wp-json\/wp\/v2\/product"}],"about":[{"href":"https:\/\/eu.tilta.com\/de\/wp-json\/wp\/v2\/types\/product"}],"replies":[{"embeddable":true,"href":"https:\/\/eu.tilta.com\/de\/wp-json\/wp\/v2\/comments?post=1975858"}],"wp:featuredmedia":[{"embeddable":true,"href":"https:\/\/eu.tilta.com\/de\/wp-json\/wp\/v2\/media\/1978265"}],"wp:attachment":[{"href":"https:\/\/eu.tilta.com\/de\/wp-json\/wp\/v2\/media?parent=1975858"}],"wp:term":[{"taxonomy":"product_cat","embeddable":true,"href":"https:\/\/eu.tilta.com\/de\/wp-json\/wp\/v2\/product_cat?post=1975858"},{"taxonomy":"product_tag","embeddable":true,"href":"https:\/\/eu.tilta.com\/de\/wp-json\/wp\/v2\/product_tag?post=1975858"}],"curies":[{"name":"wp","href":"https:\/\/api.w.org\/{rel}","templated":true}]}}