{"id":1975859,"date":"2024-05-24T17:07:59","date_gmt":"2024-05-24T15:07:59","guid":{"rendered":"https:\/\/de.tilta.com\/shop\/hydra-articulating-car-mounting-system\/"},"modified":"2025-12-05T14:15:18","modified_gmt":"2025-12-05T13:15:18","slug":"hydra-articulating-car-mounting-system","status":"publish","type":"product","link":"https:\/\/eu.tilta.com\/de\/shop\/hydra-articulating-car-mounting-system\/","title":{"rendered":"Hydra-Gelenkwagen-Montagesystem"},"content":{"rendered":"<p><em>Wir stellen das Hydra-Gelenkmontagesystem f\u00fcr Autos vor<\/em><\/p>\n<p>Mit drei 6-Zoll-Saugn\u00e4pfen mit hochbelastbaren Gelenkarmen und einer Gewichtskapazit\u00e4t von 44 Pfund ist dieses leichte System ideal f\u00fcr Innen- und Au\u00dfenaufnahmen in verschiedenen Umgebungen.<\/p>\n<p>Das zentrale Fundament des Systems besteht aus einem 75-mm-Kugelkopf mit niedrigem Schwerpunkt und einer horizontalen Verstellung von bis zu 15\u00b0. Es k\u00f6nnen auch andere 75-mm-Stativk\u00f6pfe verwendet werden.<\/p>\n<p>Der mitgelieferte Kopf unterst\u00fctzt Arca- und Manfrotto-Schnellwechselplatten, wodurch er mit spiegellosen und leichten Kinokameras mit oder ohne K\u00e4fig kompatibel ist.<\/p>\n<p>Die Flexibilit\u00e4t der Gelenkarme bedeutet, dass dieses System perfekt f\u00fcr einzigartige Winkel ist, insbesondere f\u00fcr solche, die ein niedriges Profil erfordern.<\/p>\n<p>Jeder Gelenkarm ist aus einer hochfesten Aluminiumlegierung und rostfreiem Stahl gefertigt und hat eine maximale Tragf\u00e4higkeit von 17,5 Pfund. Er verf\u00fcgt \u00fcber einen umkehrbaren Feststellknopf f\u00fcr eine bequeme Verwendung.<\/p>\n<p>Die optionale elektronische Saugnapfoption verf\u00fcgt \u00fcber drei batteriebetriebene Saugn\u00e4pfe, die in der Lage sind, den Druck dieser Saugn\u00e4pfe in Echtzeit zu \u00fcberwachen und die Saugkraft im Falle eines Lecks automatisch zu erh\u00f6hen.<\/p>\n","protected":false},"excerpt":{"rendered":"<p>Wir stellen das Hydra-Gelenkmontagesystem f\u00fcr Autos vor Mit drei 6-Zoll-Saugn\u00e4pfen mit hochbelastbaren Gelenkarmen und einer Gewichtskapazit\u00e4t von 44 Pfund ist dieses leichte System ideal f\u00fcr Innen- und Au\u00dfenaufnahmen in verschiedenen Umgebungen. Das zentrale Fundament des Systems besteht aus einem 75-mm-Kugelkopf [&hellip;]<\/p>\n","protected":false},"featured_media":2105805,"comment_status":"closed","ping_status":"closed","template":"","meta":[],"product_cat":[1422],"product_tag":[],"acf":[],"gallery_images":[2105798,2105792,2105811,2105821,1978035],"_links":{"self":[{"href":"https:\/\/eu.tilta.com\/de\/wp-json\/wp\/v2\/product\/1975859"}],"collection":[{"href":"https:\/\/eu.tilta.com\/de\/wp-json\/wp\/v2\/product"}],"about":[{"href":"https:\/\/eu.tilta.com\/de\/wp-json\/wp\/v2\/types\/product"}],"replies":[{"embeddable":true,"href":"https:\/\/eu.tilta.com\/de\/wp-json\/wp\/v2\/comments?post=1975859"}],"wp:featuredmedia":[{"embeddable":true,"href":"https:\/\/eu.tilta.com\/de\/wp-json\/wp\/v2\/media\/2105805"}],"wp:attachment":[{"href":"https:\/\/eu.tilta.com\/de\/wp-json\/wp\/v2\/media?parent=1975859"}],"wp:term":[{"taxonomy":"product_cat","embeddable":true,"href":"https:\/\/eu.tilta.com\/de\/wp-json\/wp\/v2\/product_cat?post=1975859"},{"taxonomy":"product_tag","embeddable":true,"href":"https:\/\/eu.tilta.com\/de\/wp-json\/wp\/v2\/product_tag?post=1975859"}],"curies":[{"name":"wp","href":"https:\/\/api.w.org\/{rel}","templated":true}]}}