{"id":1975862,"date":"2024-04-11T20:58:53","date_gmt":"2024-04-11T18:58:53","guid":{"rendered":"https:\/\/de.tilta.com\/shop\/tilta-75mm-cine-fluid-head-with-3-stage-carbon-fiber-tripod-legs-8kg\/"},"modified":"2025-12-05T12:25:01","modified_gmt":"2025-12-05T11:25:01","slug":"75mm-cine-fluid-head-w-carbon-fiber-legs","status":"publish","type":"product","link":"https:\/\/eu.tilta.com\/de\/shop\/75mm-cine-fluid-head-w-carbon-fiber-legs\/","title":{"rendered":"Tilta 75mm Cine-Fluid-Kopf mit 3-stufigen Kohlefaser-Stativbeinen (8KG)"},"content":{"rendered":"<p>Wir stellen unsere erste Stativserie vor, die hohe Leistung, hohe Qualit\u00e4t und hohe Pr\u00e4zision nahtlos in sich vereint und so eine professionelle Bildbearbeitungsl\u00f6sung f\u00fcr anspruchsvolle Anwender schafft.<\/p>\n<p>Der Kopf in Profiqualit\u00e4t bietet eine hervorragende Leistung. Hergestellt aus einer f\u00fcr die Luft- und Raumfahrt geeigneten Aluminiumlegierung, die durch CNC-Pr\u00e4zisionsbearbeitung verarbeitet wird, erreicht er eine hohe Pr\u00e4zision und ausgezeichnete Stabilit\u00e4t.<\/p>\n<p>Der Stativkopf tr\u00e4gt zwischen 2,2 und 17,5 Pfund und das Gegengewicht verf\u00fcgt \u00fcber 8 Stufen der dynamischen Gegengewichtseinstellung, die ein perfektes Gleichgewicht f\u00fcr Systeme innerhalb der Gewichtsanforderungen erm\u00f6glicht.<\/p>\n<p>Der Kopf verf\u00fcgt \u00fcber einen in 4 Stufen einstellbaren Luftwiderstand, der eine komfortable Bedienung f\u00fcr eine Reihe verschiedener Systeme gew\u00e4hrleistet. Die sanfte D\u00e4mpfung sorgt f\u00fcr flie\u00dfende horizontale und vertikale Bewegungen, die leicht ein filmisches Gef\u00fchl erzeugen.<\/p>\n<p>Der Kopf verf\u00fcgt von Haus aus \u00fcber eine Manfrotto-Schnellwechselplatte, ist aber auch mit den DJI-Standard Arca-Swiss-Schnellwechselplatten kompatibel, so dass beim Wechsel zu Gimbals keine Schnellwechselplatten mehr ausgetauscht werden m\u00fcssen, was die Effizienz erheblich verbessert.<\/p>\n<p>Hergestellt aus hochwertigen Materialien, die ein ausgezeichnetes Gef\u00fchl und Zuverl\u00e4ssigkeit bieten und ein gleichm\u00e4\u00dfiges dynamisches Gegengewicht f\u00fcr die Kippachse gew\u00e4hrleisten.<\/p>\n<p>Dieses Kit verwendet 3-stufige Teleskopbeine, die sich auf verschiedene H\u00f6hen zwischen 5,1&#8243; und 70,8\u2033 einstellen lassen. Die Gummispikes an der Unterseite der Stativbeine sch\u00fctzen empfindliche B\u00f6den und k\u00f6nnen so eingestellt werden, dass sie Metallspikes freilegen, perfekt f\u00fcr den Einsatz im Freien auf unebenem Gel\u00e4nde wie Schlamm, Gras, Sand und Eis.<\/p>\n<p>Die Kohlefaserbeine sind mit einer einzigartigen kohlefaserverst\u00e4rkten Ummantelung versehen und haben einen Durchmesser von 36 mm. Diese kann bis zu 110 Pfund tragen, was st\u00e4rker ist als herk\u00f6mmliche Kohlefaserverfahren.<\/p>\n<p>Das System ist widerstandsf\u00e4hig gegen hohe und niedrige Temperaturen und funktioniert in einem Bereich von 140\u00b0F bis -40\u00b0F, so dass Ihre Werkzeuge Sie auch in rauen Umgebungen nicht ausbremsen.<\/p>\n<p>Reservierte \u00bc-20- und \u215c-16-Gewinde an der Seite des Stativs k\u00f6nnen zum Tragen von schwerer Ausr\u00fcstung wie Gimbals oder zur Befestigung von kleinerem Zubeh\u00f6r wie Leuchten, Tablet-Klemmen, Handy-Klemmen usw. verwendet werden.<\/p>\n<p>Dieses Stativ verf\u00fcgt \u00fcber eine 75-mm-Schale in Standardgr\u00f6\u00dfe, die mit anderen 75-mm-Stativen, -K\u00f6pfen, -Schiebern usw. kompatibel ist. Das Stativ verf\u00fcgt \u00fcber ein 3-stufiges Schnallenverschlusssystem, das schneller und st\u00e4rker ist als herk\u00f6mmliche Ringverschlusssysteme.<\/p>\n","protected":false},"excerpt":{"rendered":"<p>Wir stellen unsere erste Stativserie vor, die hohe Leistung, hohe Qualit\u00e4t und hohe Pr\u00e4zision nahtlos in sich vereint und so eine professionelle Bildbearbeitungsl\u00f6sung f\u00fcr anspruchsvolle Anwender schafft. Der Kopf in Profiqualit\u00e4t bietet eine hervorragende Leistung. Hergestellt aus einer f\u00fcr die [&hellip;]<\/p>\n","protected":false},"featured_media":1977999,"comment_status":"closed","ping_status":"closed","template":"","meta":[],"product_cat":[3251],"product_tag":[],"acf":[],"gallery_images":[1975287,1975288,1975289,1975290,1975264,1975248,1975291],"_links":{"self":[{"href":"https:\/\/eu.tilta.com\/de\/wp-json\/wp\/v2\/product\/1975862"}],"collection":[{"href":"https:\/\/eu.tilta.com\/de\/wp-json\/wp\/v2\/product"}],"about":[{"href":"https:\/\/eu.tilta.com\/de\/wp-json\/wp\/v2\/types\/product"}],"replies":[{"embeddable":true,"href":"https:\/\/eu.tilta.com\/de\/wp-json\/wp\/v2\/comments?post=1975862"}],"wp:featuredmedia":[{"embeddable":true,"href":"https:\/\/eu.tilta.com\/de\/wp-json\/wp\/v2\/media\/1977999"}],"wp:attachment":[{"href":"https:\/\/eu.tilta.com\/de\/wp-json\/wp\/v2\/media?parent=1975862"}],"wp:term":[{"taxonomy":"product_cat","embeddable":true,"href":"https:\/\/eu.tilta.com\/de\/wp-json\/wp\/v2\/product_cat?post=1975862"},{"taxonomy":"product_tag","embeddable":true,"href":"https:\/\/eu.tilta.com\/de\/wp-json\/wp\/v2\/product_tag?post=1975862"}],"curies":[{"name":"wp","href":"https:\/\/api.w.org\/{rel}","templated":true}]}}