{"id":1975867,"date":"2024-04-10T21:02:12","date_gmt":"2024-04-10T19:02:12","guid":{"rendered":"https:\/\/de.tilta.com\/shop\/khronos-iphone-15-pro-pro-max-basic-kit\/"},"modified":"2026-04-15T03:50:02","modified_gmt":"2026-04-15T01:50:02","slug":"khronos-iphone-15-pro-pro-max-basic-kit","status":"publish","type":"product","link":"https:\/\/eu.tilta.com\/de\/shop\/khronos-iphone-15-pro-pro-max-basic-kit\/","title":{"rendered":"Khronos iPhone 15 Pro \/ Pro Max Basis-Kit"},"content":{"rendered":"<p>Mit dem Khronos Basis-Kit f\u00fcr das iPhone 15 Pro \/ Pro Max stellen wir Ihnen die n\u00e4chste Generation des mobilen Filmemachens vor.<\/p>\n<p>Diese von einem Kamerak\u00e4fig inspirierte Smartphone-H\u00fclle wurde sorgf\u00e4ltig f\u00fcr beide iPhone 15 Modelle entworfen und bietet eine unvergleichliche Mischung aus Funktionalit\u00e4t und Eleganz.<\/p>\n<p>Die Khronos-H\u00fclle sch\u00fctzt Ihr Telefon vor t\u00e4glicher Abnutzung und bietet zuverl\u00e4ssigen Schutz, ohne dabei Kompromisse bei Stil oder Funktionalit\u00e4t einzugehen. F\u00fcr die Installation sind vier Schrauben erforderlich, die sicherstellen, dass die H\u00fclle und das angeschlossene Zubeh\u00f6r sicher befestigt bleiben.<\/p>\n<p>Ausgestattet mit mehreren Befestigungspunkten, sorgt der innovative Verriegelungsmechanismus f\u00fcr eine sichere Verbindung f\u00fcr zus\u00e4tzliches Zubeh\u00f6r. Das Khronos-Geh\u00e4use verf\u00fcgt \u00fcber integrierte elektronische Kontaktpunkte, die es Ihnen erm\u00f6glichen, Strom durch den K\u00e4fig zu leiten, um Ihr Zubeh\u00f6r zu betreiben.<\/p>\n<p>Im Lieferumfang des Basic Kit ist der Khronos Focus PD Handle enthalten, der Ihr System mit zus\u00e4tzlicher Leistung versorgt und eine bessere Kontrolle \u00fcber die Fokus- und Zoomfunktionen des iPhones bietet. Dieser Griff verwendet den gleichen innovativen Klemmmechanismus wie anderes Khronos-Zubeh\u00f6r und verf\u00fcgt \u00fcber einen internen Akku, der \u00fcber USB-C aufgeladen werden kann.<\/p>\n<p>Der Handle wird \u00fcber ein integriertes USB-C-Kabel mit einem iPhone 15 verbunden und nutzt Bluetooth, um den Fokus oder Zoom \u00fcber das Rad an der Vorderseite des Handles zu steuern. Dies sorgt auch f\u00fcr mehr Stabilit\u00e4t bei der Bedienung des Systems und die Aufnahmetaste sorgt daf\u00fcr, dass der Benutzer den Griff nicht loslassen muss, um die Aufnahme zu starten.<\/p>\n<p>Dieses Kit enth\u00e4lt auch eine Daylight Mini LED-Leuchte, die an verschiedenen Stellen des Geh\u00e4uses angebracht werden kann. Die Leuchte hat einen CRI \u226595RA und verf\u00fcgt \u00fcber 3 einstellbare Helligkeitsstufen sowie eine verstellbare Halterung.<\/p>\n<p>Abgeleitet vom griechischen Wort f\u00fcr &#8220;Zeit&#8221;, verk\u00f6rpert der Name &#8220;Khronos&#8221; ein tiefgreifendes Konzept. Es ist mehr als nur eine Handytasche, es dient als Gef\u00e4\u00df, um wertvolle Erinnerungen zu bewahren, die man mit der Familie, Freunden und geliebten Menschen teilt.<\/p>\n","protected":false},"excerpt":{"rendered":"<p>Mit dem Khronos Basis-Kit f\u00fcr das iPhone 15 Pro \/ Pro Max stellen wir Ihnen die n\u00e4chste Generation des mobilen Filmemachens vor. Diese von einem Kamerak\u00e4fig inspirierte Smartphone-H\u00fclle wurde sorgf\u00e4ltig f\u00fcr beide iPhone 15 Modelle entworfen und bietet eine unvergleichliche [&hellip;]<\/p>\n","protected":false},"featured_media":1977857,"comment_status":"closed","ping_status":"closed","template":"","meta":[],"product_cat":[1047,3507,4496],"product_tag":[],"acf":[],"gallery_images":[1977858,1977859,1977083,1977084,1977085,1977086],"_links":{"self":[{"href":"https:\/\/eu.tilta.com\/de\/wp-json\/wp\/v2\/product\/1975867"}],"collection":[{"href":"https:\/\/eu.tilta.com\/de\/wp-json\/wp\/v2\/product"}],"about":[{"href":"https:\/\/eu.tilta.com\/de\/wp-json\/wp\/v2\/types\/product"}],"replies":[{"embeddable":true,"href":"https:\/\/eu.tilta.com\/de\/wp-json\/wp\/v2\/comments?post=1975867"}],"wp:featuredmedia":[{"embeddable":true,"href":"https:\/\/eu.tilta.com\/de\/wp-json\/wp\/v2\/media\/1977857"}],"wp:attachment":[{"href":"https:\/\/eu.tilta.com\/de\/wp-json\/wp\/v2\/media?parent=1975867"}],"wp:term":[{"taxonomy":"product_cat","embeddable":true,"href":"https:\/\/eu.tilta.com\/de\/wp-json\/wp\/v2\/product_cat?post=1975867"},{"taxonomy":"product_tag","embeddable":true,"href":"https:\/\/eu.tilta.com\/de\/wp-json\/wp\/v2\/product_tag?post=1975867"}],"curies":[{"name":"wp","href":"https:\/\/api.w.org\/{rel}","templated":true}]}}