{"id":1975872,"date":"2024-04-10T21:04:05","date_gmt":"2024-04-10T19:04:05","guid":{"rendered":"https:\/\/de.tilta.com\/shop\/khronos-iphone-15-pro-pro-max-ultimate-kit\/"},"modified":"2026-04-15T03:50:02","modified_gmt":"2026-04-15T01:50:02","slug":"khronos-iphone-15-pro-pro-max-ultimate-kit_","status":"publish","type":"product","link":"https:\/\/eu.tilta.com\/de\/shop\/khronos-iphone-15-pro-pro-max-ultimate-kit_\/","title":{"rendered":"Khronos iPhone 15 Pro \/ Pro Max Ultimatives Set"},"content":{"rendered":"<p>Mit dem Khronos Ultimate Kit f\u00fcr das iPhone 15 Pro \/ Pro Max stellen wir Ihnen die n\u00e4chste Generation des mobilen Filmemachens vor.<\/p>\n<p>Diese von einem Kamerak\u00e4fig inspirierte Smartphone-H\u00fclle wurde sorgf\u00e4ltig f\u00fcr beide iPhone 15 Modelle entworfen und bietet eine unvergleichliche Mischung aus Funktionalit\u00e4t und Eleganz. Die Khronos-Tasche sch\u00fctzt Ihr Telefon zuverl\u00e4ssig vor t\u00e4glicher Abnutzung, ohne dass Sie Kompromisse bei Stil oder Funktionalit\u00e4t eingehen m\u00fcssen. F\u00fcr die Installation sind vier Schrauben erforderlich, die daf\u00fcr sorgen, dass das Geh\u00e4use und alle angeschlossenen Zubeh\u00f6rteile sicher befestigt bleiben.<\/p>\n<p>Ausgestattet mit mehreren Befestigungspunkten, sorgt der innovative Verriegelungsmechanismus f\u00fcr eine sichere Verbindung f\u00fcr zus\u00e4tzliches Zubeh\u00f6r. Das Khronos-Geh\u00e4use verf\u00fcgt \u00fcber integrierte elektronische Kontaktpunkte, die es Ihnen erm\u00f6glichen, Strom durch den K\u00e4fig zu leiten, um Ihr Zubeh\u00f6r zu betreiben.<\/p>\n<p>Im Ultimatives Set ist der Khronos Focus PD Handle enthalten, der Ihr System mit zus\u00e4tzlicher Leistung versorgt und eine bessere Kontrolle \u00fcber die Fokus- und Zoomfunktionen des iPhones bietet. Dieser Griff verwendet den gleichen innovativen Klemmmechanismus wie anderes Khronos-Zubeh\u00f6r und verf\u00fcgt \u00fcber einen internen Akku, der \u00fcber USB-C aufgeladen werden kann.<\/p>\n<p>Der Handle wird \u00fcber ein integriertes USB-C-Kabel mit einem iPhone 15 verbunden und nutzt Bluetooth, um den Fokus oder Zoom \u00fcber das Rad an der Vorderseite des Handles zu steuern. Dies sorgt auch f\u00fcr mehr Stabilit\u00e4t bei der Bedienung des Systems und die Aufnahmetaste sorgt daf\u00fcr, dass der Benutzer den Griff nicht loslassen muss, um die Aufnahme zu starten.<\/p>\n<p>Der runde Holzgriff dient als alternative Option f\u00fcr die Bedienung und verf\u00fcgt \u00fcber eine integrierte NATO-Schiene zur Befestigung von herk\u00f6mmlichem Kamerazubeh\u00f6r. Der Holzgriff selbst hat ein kleines Drehgelenk, mit dem der Griff gedreht werden kann, um ihn in die bequemste Position f\u00fcr einen bestimmten Schlag oder eine bestimmte Einstellung zu bringen.<\/p>\n<p>Ebenfalls im Lieferumfang enthalten ist das K\u00fchlsystem f\u00fcr Khronos, das mit einem 22W-W\u00e4rmeableiter mit variabler Frequenz ausgestattet ist. Schlie\u00dfen Sie es einfach \u00fcber USB-C an eine externe Stromquelle an oder nutzen Sie den Strom des mitgelieferten Griffs, um Ihr iPhone gleichzeitig aufzuladen und seine Temperatur zu halten, w\u00e4hrend Sie die kabellose magnetische MagSafe-Verbindung nutzen.<\/p>\n<p>Ebenfalls in diesem Kit enthalten ist ein USB-C Hub, der \u00fcber USB-C mit dem iPhone verbunden wird und die M\u00f6glichkeiten zum Anschluss externer Laufwerke sowie externer Monitore \u00fcber einen HDMI-Anschluss erweitert. Die Unterseite dieses USB-C-Hubs verf\u00fcgt \u00fcber eine integrierte ARCA-Schnellwechselplatte, mit der er sich ideal an Stativen oder Gimbals befestigen l\u00e4sst.<\/p>\n<p>Dieses Kit enth\u00e4lt auch eine Daylight Mini LED-Leuchte, die an verschiedenen Stellen des Geh\u00e4uses angebracht werden kann. Die Leuchte hat einen CRI \u226595RA und verf\u00fcgt \u00fcber 3 einstellbare Helligkeitsstufen sowie eine verstellbare Halterung.<\/p>\n<p>Die ARCA-Schnellwechselplatte sorgt daf\u00fcr, dass das System schnell auf kompatible ARCA-Stative und DJI-Kardanringe montiert werden kann, wenn Sie den USB-C-Hub nicht verwenden. Die SSD-Laufwerkshalterung bietet eine praktische Option zur Befestigung von Solid State Drives, um extern aufzunehmen.<\/p>\n<p>Die Filterablage l\u00e4sst sich \u00fcber eine sichere Magnetverbindung einfach an der Khronos-Tasche befestigen und verf\u00fcgt \u00fcber eine schwenkbare Halterung, mit der sich die Ablage \u00fcber alle drei Linsen des iPhone 15 Pro\/Pro Max legen l\u00e4sst.<\/p>\n<p>Die mitgelieferten ND-Filter erm\u00f6glichen eine bessere Kontrolle \u00fcber die Belichtung, indem sie das f\u00fcr den Sensor sichtbare Licht reduzieren, was auch dazu beitr\u00e4gt, die Verschlusszeit bei Aufnahmen in helleren Lichtverh\u00e4ltnissen wie Tageslicht konstant zu halten. Die Nebel-Filter k\u00f6nnen auch verwendet werden, um ein diffuseres und weicheres Bild zu erzeugen.<\/p>\n<p>Abgeleitet vom griechischen Wort f\u00fcr &#8220;Zeit&#8221;, verk\u00f6rpert der Name &#8220;Khronos&#8221; ein tiefgreifendes Konzept. Es ist mehr als nur eine Handytasche, es dient als Gef\u00e4\u00df, um wertvolle Erinnerungen zu bewahren, die man mit der Familie, Freunden und geliebten Menschen teilt.<\/p>\n","protected":false},"excerpt":{"rendered":"<p>Mit dem Khronos Ultimate Kit f\u00fcr das iPhone 15 Pro \/ Pro Max stellen wir Ihnen die n\u00e4chste Generation des mobilen Filmemachens vor. Diese von einem Kamerak\u00e4fig inspirierte Smartphone-H\u00fclle wurde sorgf\u00e4ltig f\u00fcr beide iPhone 15 Modelle entworfen und bietet eine [&hellip;]<\/p>\n","protected":false},"featured_media":1977079,"comment_status":"closed","ping_status":"closed","template":"","meta":[],"product_cat":[1047,3507,4496],"product_tag":[],"acf":[],"gallery_images":[1977080,1977081,1977082,1977083,1977084,1977085,1977086],"_links":{"self":[{"href":"https:\/\/eu.tilta.com\/de\/wp-json\/wp\/v2\/product\/1975872"}],"collection":[{"href":"https:\/\/eu.tilta.com\/de\/wp-json\/wp\/v2\/product"}],"about":[{"href":"https:\/\/eu.tilta.com\/de\/wp-json\/wp\/v2\/types\/product"}],"replies":[{"embeddable":true,"href":"https:\/\/eu.tilta.com\/de\/wp-json\/wp\/v2\/comments?post=1975872"}],"wp:featuredmedia":[{"embeddable":true,"href":"https:\/\/eu.tilta.com\/de\/wp-json\/wp\/v2\/media\/1977079"}],"wp:attachment":[{"href":"https:\/\/eu.tilta.com\/de\/wp-json\/wp\/v2\/media?parent=1975872"}],"wp:term":[{"taxonomy":"product_cat","embeddable":true,"href":"https:\/\/eu.tilta.com\/de\/wp-json\/wp\/v2\/product_cat?post=1975872"},{"taxonomy":"product_tag","embeddable":true,"href":"https:\/\/eu.tilta.com\/de\/wp-json\/wp\/v2\/product_tag?post=1975872"}],"curies":[{"name":"wp","href":"https:\/\/api.w.org\/{rel}","templated":true}]}}