{"id":1975875,"date":"2024-05-30T16:20:45","date_gmt":"2024-05-30T14:20:45","guid":{"rendered":"https:\/\/de.tilta.com\/shop\/tilta-filter-und-kameraanhaengerset\/"},"modified":"2025-12-05T13:25:48","modified_gmt":"2025-12-05T12:25:48","slug":"tilta-filter-and-camera-tags-kit","status":"publish","type":"product","link":"https:\/\/eu.tilta.com\/de\/shop\/tilta-filter-and-camera-tags-kit\/","title":{"rendered":"Tilta Filter und Kameraanh\u00e4ngerset"},"content":{"rendered":"<p><em>Wir stellen das Tilta Filter- und Kameraanh\u00e4ngerset vor<\/em><\/p>\n<p>Dieses Set enth\u00e4lt eine Vielzahl von Anh\u00e4ngern, die Sie mit Hilfe von wiederverschlie\u00dfbaren Klettverschl\u00fcssen an Ihrer Kamera, Ihrer Matte Box oder Ihrer Schiefertafel anbringen k\u00f6nnen.<\/p>\n<p>Die gr\u00f6\u00dferen Buchstaben k\u00f6nnen verwendet werden, um die Kamerapositionen zu markieren, wenn Sie mehrere Kameras verwenden, w\u00e4hrend die Filter-Tags verwendet werden k\u00f6nnen, um eindeutig zu markieren, welcher Filter gerade verwendet wird.<\/p>\n<p>Ein Satz leerer, trocken abwischbarer Schilder wird mitgeliefert, mit denen Sie Ihre eigenen Schilder f\u00fcr spezielle Filter oder besondere Situationen anfertigen k\u00f6nnen.<\/p>\n<p>Das Set enth\u00e4lt mehrere Dual-Lock-Befestigungselemente, die zur Montage dieser Schilder verwendet werden k\u00f6nnen, sowie eine gr\u00f6\u00dfere Platte mit demselben Anschlusstyp, die mit einer 1\/4&#8243;-20 Schraube an Ihrer Kamera befestigt werden kann.<\/p>\n<p>&nbsp;<\/p>\n","protected":false},"excerpt":{"rendered":"<p>Wir stellen das Tilta Filter- und Kameraanh\u00e4ngerset vor Dieses Set enth\u00e4lt eine Vielzahl von Anh\u00e4ngern, die Sie mit Hilfe von wiederverschlie\u00dfbaren Klettverschl\u00fcssen an Ihrer Kamera, Ihrer Matte Box oder Ihrer Schiefertafel anbringen k\u00f6nnen. Die gr\u00f6\u00dferen Buchstaben k\u00f6nnen verwendet werden, um [&hellip;]<\/p>\n","protected":false},"featured_media":1978306,"comment_status":"closed","ping_status":"closed","template":"","meta":[],"product_cat":[1434,1078,1073,1079,1080,1088,1089,1094,1096,1100,1102,1105,1111,1112,1113,1114,1120,1123,1125,1071,1127,1128,1131,1132,1135,1136,1137,1219,1247],"product_tag":[],"acf":[],"gallery_images":[1978322,1978323,1978324,1978325,1978326,1978327],"_links":{"self":[{"href":"https:\/\/eu.tilta.com\/de\/wp-json\/wp\/v2\/product\/1975875"}],"collection":[{"href":"https:\/\/eu.tilta.com\/de\/wp-json\/wp\/v2\/product"}],"about":[{"href":"https:\/\/eu.tilta.com\/de\/wp-json\/wp\/v2\/types\/product"}],"replies":[{"embeddable":true,"href":"https:\/\/eu.tilta.com\/de\/wp-json\/wp\/v2\/comments?post=1975875"}],"wp:featuredmedia":[{"embeddable":true,"href":"https:\/\/eu.tilta.com\/de\/wp-json\/wp\/v2\/media\/1978306"}],"wp:attachment":[{"href":"https:\/\/eu.tilta.com\/de\/wp-json\/wp\/v2\/media?parent=1975875"}],"wp:term":[{"taxonomy":"product_cat","embeddable":true,"href":"https:\/\/eu.tilta.com\/de\/wp-json\/wp\/v2\/product_cat?post=1975875"},{"taxonomy":"product_tag","embeddable":true,"href":"https:\/\/eu.tilta.com\/de\/wp-json\/wp\/v2\/product_tag?post=1975875"}],"curies":[{"name":"wp","href":"https:\/\/api.w.org\/{rel}","templated":true}]}}