{"id":1975885,"date":"2024-04-10T21:01:18","date_gmt":"2024-04-10T19:01:18","guid":{"rendered":"https:\/\/de.tilta.com\/shop\/khronos-iphone-15-pro-pro-max-lightweight-kit\/"},"modified":"2026-04-15T03:50:02","modified_gmt":"2026-04-15T01:50:02","slug":"khronos-iphone-15-pro-pro-max-lightweight-kit","status":"publish","type":"product","link":"https:\/\/eu.tilta.com\/de\/shop\/khronos-iphone-15-pro-pro-max-lightweight-kit\/","title":{"rendered":"Khronos iPhone 15 Pro\/Pro Max Leichtbau-Kit"},"content":{"rendered":"<p>Das Khronos Leichtbau-Kit f\u00fcr das iPhone 15 Pro \/ Pro Max ist die n\u00e4chste Generation des mobilen Filmemachens.<\/p>\n<p>Diese von einem Kamerak\u00e4fig inspirierte Smartphone-H\u00fclle wurde sorgf\u00e4ltig f\u00fcr beide iPhone 15 Modelle entworfen und bietet eine unvergleichliche Mischung aus Funktionalit\u00e4t und Eleganz.<\/p>\n<p>Die Khronos-H\u00fclle sch\u00fctzt Ihr Telefon vor t\u00e4glicher Abnutzung und bietet zuverl\u00e4ssigen Schutz, ohne dabei Kompromisse bei Stil oder Funktionalit\u00e4t einzugehen. F\u00fcr die Installation sind vier Schrauben erforderlich, die sicherstellen, dass die H\u00fclle und das angeschlossene Zubeh\u00f6r sicher befestigt bleiben.<\/p>\n<p>Ausgestattet mit mehreren Befestigungspunkten sorgt der innovative Verriegelungsmechanismus f\u00fcr eine sichere Verbindung f\u00fcr zus\u00e4tzliches Zubeh\u00f6r wie Focus Side Handles, K\u00fchlmodule, Filter, On-Board Lights, USB-C Hubs und vieles mehr.<\/p>\n<p>Das Khronos-Geh\u00e4use verf\u00fcgt \u00fcber integrierte elektronische Kontaktpunkte, die es Ihnen erm\u00f6glichen, Strom durch den K\u00e4fig zu leiten, um Ihr Zubeh\u00f6r mit Strom zu versorgen, wenn Sie einen optionalen Power Handle verwenden.<\/p>\n<p>Im Lieferumfang des Leichtbau Kits ist der verstellbare Handgriff enthalten, der mit seiner integrierten Verriegelungsklemme schnell und sicher an mehreren Stellen des Geh\u00e4uses befestigt werden kann und sowohl horizontale als auch vertikale Filmeinstellungen erm\u00f6glicht.<\/p>\n<p>Der Griff ist in der H\u00f6he relativ zum Befestigungspunkt verstellbar, so dass der Benutzer die Position des Griffs f\u00fcr maximalen Komfort bei der Arbeit fein einstellen kann. Die Silikonstruktur sorgt daf\u00fcr, dass Sie das System bei der Bedienung sicher in der Hand haben.<\/p>\n<p>Der Griff kann au\u00dferdem um insgesamt 180\u00b0 gedreht und in 5 verschiedenen Positionen arretiert werden, um mehr Flexibilit\u00e4t bei der Bedienung und beim Erfassen verschiedener Winkel zu bieten.<\/p>\n<p>An der Ober- und Unterseite dieses Griffs befinden sich au\u00dferdem 1\/4\u2033-20-Gewinde, die es dem Benutzer erm\u00f6glichen, problemlos zus\u00e4tzliches Zubeh\u00f6r zu montieren, das normalerweise bei traditionelleren Kamerakonstruktionen verwendet w\u00fcrde.<\/p>\n<p>Abgeleitet vom griechischen Wort f\u00fcr &#8220;Zeit&#8221;, verk\u00f6rpert der Name &#8220;Khronos&#8221; ein tiefgreifendes Konzept. Es ist mehr als nur eine Handytasche, es dient als Gef\u00e4\u00df, um wertvolle Erinnerungen zu bewahren, die man mit der Familie, Freunden und geliebten Menschen teilt.<\/p>\n","protected":false},"excerpt":{"rendered":"<p>Das Khronos Leichtbau-Kit f\u00fcr das iPhone 15 Pro \/ Pro Max ist die n\u00e4chste Generation des mobilen Filmemachens. Diese von einem Kamerak\u00e4fig inspirierte Smartphone-H\u00fclle wurde sorgf\u00e4ltig f\u00fcr beide iPhone 15 Modelle entworfen und bietet eine unvergleichliche Mischung aus Funktionalit\u00e4t und [&hellip;]<\/p>\n","protected":false},"featured_media":1977840,"comment_status":"closed","ping_status":"closed","template":"","meta":[],"product_cat":[1047,3507,4496],"product_tag":[],"acf":[],"gallery_images":[1975101,1975102,1975103,1974460,1974461,1974462,1974463],"_links":{"self":[{"href":"https:\/\/eu.tilta.com\/de\/wp-json\/wp\/v2\/product\/1975885"}],"collection":[{"href":"https:\/\/eu.tilta.com\/de\/wp-json\/wp\/v2\/product"}],"about":[{"href":"https:\/\/eu.tilta.com\/de\/wp-json\/wp\/v2\/types\/product"}],"replies":[{"embeddable":true,"href":"https:\/\/eu.tilta.com\/de\/wp-json\/wp\/v2\/comments?post=1975885"}],"wp:featuredmedia":[{"embeddable":true,"href":"https:\/\/eu.tilta.com\/de\/wp-json\/wp\/v2\/media\/1977840"}],"wp:attachment":[{"href":"https:\/\/eu.tilta.com\/de\/wp-json\/wp\/v2\/media?parent=1975885"}],"wp:term":[{"taxonomy":"product_cat","embeddable":true,"href":"https:\/\/eu.tilta.com\/de\/wp-json\/wp\/v2\/product_cat?post=1975885"},{"taxonomy":"product_tag","embeddable":true,"href":"https:\/\/eu.tilta.com\/de\/wp-json\/wp\/v2\/product_tag?post=1975885"}],"curies":[{"name":"wp","href":"https:\/\/api.w.org\/{rel}","templated":true}]}}