{"id":1975886,"date":"2024-05-24T17:07:16","date_gmt":"2024-05-24T15:07:16","guid":{"rendered":"https:\/\/de.tilta.com\/shop\/hydra-electronic-suction-cup-4-5\/"},"modified":"2026-04-19T20:19:22","modified_gmt":"2026-04-19T18:19:22","slug":"electronic-suction-cup-4-5_","status":"publish","type":"product","link":"https:\/\/eu.tilta.com\/de\/shop\/electronic-suction-cup-4-5_\/","title":{"rendered":"Hydra Elektronischer Saugnapf (4,5&#8243;)"},"content":{"rendered":"<p><em>Wir stellen Ihnen den elektronischen Saugnapf Hydra vor.<\/em><\/p>\n<p>Diese Saugn\u00e4pfe der n\u00e4chsten Generation verf\u00fcgen \u00fcber eine Luftdruckerkennung, die 1000 Mal pro Sekunde \u00fcberwacht wird, um Statusinformationen zu erkennen und auf einem elektronischen Bildschirm anzuzeigen.<\/p>\n<p>Wenn das System einen Druckverlust feststellt, pumpt der Motor automatisch zus\u00e4tzliche Luft ab, um zu verhindern, dass sich die Saugn\u00e4pfe abl\u00f6sen.<\/p>\n<p>Dieser integrierte Hochleistungsmotor wird \u00fcber eine interne Batterie betrieben und vollendet die elektronische Absaugung innerhalb von *5 Sekunden, was die Geschwindigkeit, mit der diese Saugn\u00e4pfe angebracht werden k\u00f6nnen, erheblich erh\u00f6ht.<\/p>\n<p>Die mechanische Struktur des Saugnapfes wurde durch eine optimierte Struktur mit einem neuen, unterteilten Design verbessert.<\/p>\n<p>Dies vergr\u00f6\u00dfert die Kontaktfl\u00e4che um 20% im Vergleich zu Standardsaugern und sorgt f\u00fcr zus\u00e4tzliche Stabilit\u00e4t und Zuverl\u00e4ssigkeit.<\/p>\n<p>Das modulare Design erm\u00f6glicht die Verwendung verschiedener Montageplatten, so dass diese Saugn\u00e4pfe problemlos mit unterschiedlichen Tr\u00e4gersystemen verwendet werden k\u00f6nnen.<\/p>\n<p>Die Optionen umfassen die Unterst\u00fctzung f\u00fcr das M25-Gewinde des Hydra Alien, die NATO sowie eine Universal-Multi-Mount-Option, um eine Vielzahl von Szenarien abzudecken.<\/p>\n<p>Bitte beachten Sie: Reinigen Sie vor der Verwendung die vorgesehene Oberfl\u00e4che und stellen Sie sicher, dass der Saugnapf vollst\u00e4ndig an der Oberfl\u00e4che befestigt ist. Eine kleine Menge Feuchtigkeit kann helfen, die Versiegelung zu verbessern und die Saugkraft zu erh\u00f6hen. Wenn Sie den Saugnapf auf einer nassen Oberfl\u00e4che verwenden, wird aus der Abluft-\/Fl\u00fcssigkeitsauslass\u00f6ffnung Fl\u00fcssigkeit austreten, was normal ist.<\/p>\n","protected":false},"excerpt":{"rendered":"<p>Wir stellen Ihnen den elektronischen Saugnapf Hydra vor. Diese Saugn\u00e4pfe der n\u00e4chsten Generation verf\u00fcgen \u00fcber eine Luftdruckerkennung, die 1000 Mal pro Sekunde \u00fcberwacht wird, um Statusinformationen zu erkennen und auf einem elektronischen Bildschirm anzuzeigen. Wenn das System einen Druckverlust feststellt, [&hellip;]<\/p>\n","protected":false},"featured_media":1977701,"comment_status":"closed","ping_status":"closed","template":"","meta":[],"product_cat":[1422,1138,1062,1140,1064,1275],"product_tag":[],"acf":[],"gallery_images":[1977696,1977697,1977698,1977699,1977700],"_links":{"self":[{"href":"https:\/\/eu.tilta.com\/de\/wp-json\/wp\/v2\/product\/1975886"}],"collection":[{"href":"https:\/\/eu.tilta.com\/de\/wp-json\/wp\/v2\/product"}],"about":[{"href":"https:\/\/eu.tilta.com\/de\/wp-json\/wp\/v2\/types\/product"}],"replies":[{"embeddable":true,"href":"https:\/\/eu.tilta.com\/de\/wp-json\/wp\/v2\/comments?post=1975886"}],"wp:featuredmedia":[{"embeddable":true,"href":"https:\/\/eu.tilta.com\/de\/wp-json\/wp\/v2\/media\/1977701"}],"wp:attachment":[{"href":"https:\/\/eu.tilta.com\/de\/wp-json\/wp\/v2\/media?parent=1975886"}],"wp:term":[{"taxonomy":"product_cat","embeddable":true,"href":"https:\/\/eu.tilta.com\/de\/wp-json\/wp\/v2\/product_cat?post=1975886"},{"taxonomy":"product_tag","embeddable":true,"href":"https:\/\/eu.tilta.com\/de\/wp-json\/wp\/v2\/product_tag?post=1975886"}],"curies":[{"name":"wp","href":"https:\/\/api.w.org\/{rel}","templated":true}]}}