{"id":1975895,"date":"2024-04-10T20:56:35","date_gmt":"2024-04-10T18:56:35","guid":{"rendered":"https:\/\/de.tilta.com\/shop\/khronos-runder-holzstiel\/"},"modified":"2026-04-15T03:53:38","modified_gmt":"2026-04-15T01:53:38","slug":"khronos-circular-wooden-handle","status":"publish","type":"product","link":"https:\/\/eu.tilta.com\/de\/shop\/khronos-circular-wooden-handle\/","title":{"rendered":"Khronos Runder Holzstiel"},"content":{"rendered":"<p><em>Wir stellen Ihnen den Khronos Rundholzgriff vor, eine leichte und nahtlose Erg\u00e4nzung zu Ihrem Khronos System.<\/em><\/p>\n<p>Die mit Pr\u00e4zision gefertigten Griffe sind aus hochwertigem Holz gefertigt und mit einer CNC-gefr\u00e4sten, hochwertigen Aluminiumlegierung zusammengesetzt, die Langlebigkeit und ein elegantes Finish gew\u00e4hrleistet.<\/p>\n<p>Sie sind auf Komfort ausgelegt und bieten einen sicheren und bequemen Griff f\u00fcr den l\u00e4ngeren Gebrauch.<\/p>\n<p>Dieses Zubeh\u00f6r verwendet den gleichen innovativen Klemmmechanismus wie anderes Khronos-Zubeh\u00f6r und l\u00e4sst sich problemlos an jedem beliebigen Befestigungspunkt der Smartphone-H\u00fclle anbringen.<\/p>\n<p>Dr\u00fccken Sie einfach auf den Entriegelungsknopf, richten Sie die Stifte aus und lassen Sie den Knopf los, sobald er angebracht ist.<\/p>\n","protected":false},"excerpt":{"rendered":"<p>Wir stellen Ihnen den Khronos Rundholzgriff vor, eine leichte und nahtlose Erg\u00e4nzung zu Ihrem Khronos System. Die mit Pr\u00e4zision gefertigten Griffe sind aus hochwertigem Holz gefertigt und mit einer CNC-gefr\u00e4sten, hochwertigen Aluminiumlegierung zusammengesetzt, die Langlebigkeit und ein elegantes Finish gew\u00e4hrleistet. [&hellip;]<\/p>\n","protected":false},"featured_media":1978245,"comment_status":"closed","ping_status":"closed","template":"","meta":[],"product_cat":[1047,3507,3357,4200,4496],"product_tag":[],"acf":[],"gallery_images":[1978246,1977792,1977793,1977794,1977795],"_links":{"self":[{"href":"https:\/\/eu.tilta.com\/de\/wp-json\/wp\/v2\/product\/1975895"}],"collection":[{"href":"https:\/\/eu.tilta.com\/de\/wp-json\/wp\/v2\/product"}],"about":[{"href":"https:\/\/eu.tilta.com\/de\/wp-json\/wp\/v2\/types\/product"}],"replies":[{"embeddable":true,"href":"https:\/\/eu.tilta.com\/de\/wp-json\/wp\/v2\/comments?post=1975895"}],"wp:featuredmedia":[{"embeddable":true,"href":"https:\/\/eu.tilta.com\/de\/wp-json\/wp\/v2\/media\/1978245"}],"wp:attachment":[{"href":"https:\/\/eu.tilta.com\/de\/wp-json\/wp\/v2\/media?parent=1975895"}],"wp:term":[{"taxonomy":"product_cat","embeddable":true,"href":"https:\/\/eu.tilta.com\/de\/wp-json\/wp\/v2\/product_cat?post=1975895"},{"taxonomy":"product_tag","embeddable":true,"href":"https:\/\/eu.tilta.com\/de\/wp-json\/wp\/v2\/product_tag?post=1975895"}],"curies":[{"name":"wp","href":"https:\/\/api.w.org\/{rel}","templated":true}]}}