{"id":1975903,"date":"2024-04-10T20:59:54","date_gmt":"2024-04-10T18:59:54","guid":{"rendered":"https:\/\/de.tilta.com\/shop\/khronos-focus-pd-handle-fuer-iphone\/"},"modified":"2026-04-22T12:24:47","modified_gmt":"2026-04-22T10:24:47","slug":"khronos-focus-pd-handle-for-iphone","status":"publish","type":"product","link":"https:\/\/eu.tilta.com\/de\/shop\/khronos-focus-pd-handle-for-iphone\/","title":{"rendered":"Khronos Focus PD Handle f\u00fcr iPhone"},"content":{"rendered":"<p>Der Khronos Focus PD Handle f\u00fcr iPhone ist das ultimative Zubeh\u00f6r, um Ihr System mit zus\u00e4tzlicher Leistung zu versorgen und bietet eine bessere Kontrolle \u00fcber die Fokus- und Zoomfunktionen des iPhones.<\/p>\n<p>Dieses Zubeh\u00f6r verwendet den gleichen innovativen Klemmmechanismus wie anderes Khronos-Zubeh\u00f6r. Sie kann ganz einfach an einem der Befestigungspunkte an der Smartphone-H\u00fclle angebracht werden, indem Sie auf den Entriegelungsknopf dr\u00fccken, die Stifte ausrichten und den Knopf loslassen, sobald er angebracht ist.<\/p>\n<p>Der Handgriff verf\u00fcgt \u00fcber einen internen Akku, der \u00fcber USB-C aufgeladen werden kann und das Khronos-Geh\u00e4use mit Strom versorgt, was bei der Verwendung von Zubeh\u00f6r wie dem Mini-LED-Panel oder dem K\u00fchlmodul notwendig ist.<\/p>\n<p>Der Handle wird \u00fcber ein integriertes USB-C-Kabel mit einem iPhone 15 verbunden und nutzt Bluetooth, um den Fokus oder Zoom \u00fcber das Rad an der Vorderseite des Handles zu steuern.<\/p>\n<p>Dies bietet eine bessere Kontrolle \u00fcber beide Funktionen und erm\u00f6glicht es dem Benutzer, den Fokus langsam zu \u00e4ndern, ohne auf den Bildschirm tippen zu m\u00fcssen und zu einem neuen Fokuspunkt zu springen.<\/p>\n<p>Der Griff bietet au\u00dferdem mehr Stabilit\u00e4t bei der Bedienung des Systems und die Aufnahmetaste sorgt daf\u00fcr, dass der Benutzer den Griff nicht loslassen muss, um die Aufnahme zu starten.<\/p>\n<p>Erh\u00e4ltlich in raffiniertem Space Grau und elegantem Titanwei\u00df, passend zum Khronos Case, um das Design Ihres iPhones zu erg\u00e4nzen und ihm einen Hauch von Stil zu verleihen.<\/p>\n","protected":false},"excerpt":{"rendered":"<p>Der Khronos Focus PD Handle f\u00fcr iPhone ist das ultimative Zubeh\u00f6r, um Ihr System mit zus\u00e4tzlicher Leistung zu versorgen und bietet eine bessere Kontrolle \u00fcber die Fokus- und Zoomfunktionen des iPhones. Dieses Zubeh\u00f6r verwendet den gleichen innovativen Klemmmechanismus wie anderes [&hellip;]<\/p>\n","protected":false},"featured_media":1977901,"comment_status":"closed","ping_status":"closed","template":"","meta":[],"product_cat":[1047,3507,3357,4200,4496],"product_tag":[],"acf":[],"gallery_images":[1977902,1977792,1977793,1977794,1977795],"_links":{"self":[{"href":"https:\/\/eu.tilta.com\/de\/wp-json\/wp\/v2\/product\/1975903"}],"collection":[{"href":"https:\/\/eu.tilta.com\/de\/wp-json\/wp\/v2\/product"}],"about":[{"href":"https:\/\/eu.tilta.com\/de\/wp-json\/wp\/v2\/types\/product"}],"replies":[{"embeddable":true,"href":"https:\/\/eu.tilta.com\/de\/wp-json\/wp\/v2\/comments?post=1975903"}],"wp:featuredmedia":[{"embeddable":true,"href":"https:\/\/eu.tilta.com\/de\/wp-json\/wp\/v2\/media\/1977901"}],"wp:attachment":[{"href":"https:\/\/eu.tilta.com\/de\/wp-json\/wp\/v2\/media?parent=1975903"}],"wp:term":[{"taxonomy":"product_cat","embeddable":true,"href":"https:\/\/eu.tilta.com\/de\/wp-json\/wp\/v2\/product_cat?post=1975903"},{"taxonomy":"product_tag","embeddable":true,"href":"https:\/\/eu.tilta.com\/de\/wp-json\/wp\/v2\/product_tag?post=1975903"}],"curies":[{"name":"wp","href":"https:\/\/api.w.org\/{rel}","templated":true}]}}