{"id":1975912,"date":"2024-04-10T20:56:40","date_gmt":"2024-04-10T18:56:40","guid":{"rendered":"https:\/\/de.tilta.com\/shop\/khronos-nato-halterung-mit-rundem-holzgriff\/"},"modified":"2026-04-22T12:24:46","modified_gmt":"2026-04-22T10:24:46","slug":"khronos-nato-bracket-w-wooden-handle","status":"publish","type":"product","link":"https:\/\/eu.tilta.com\/de\/shop\/khronos-nato-bracket-w-wooden-handle\/","title":{"rendered":"Khronos NATO-Halterung mit rundem Holzgriff"},"content":{"rendered":"<p>Die Khronos NATO-Halterung mit rundem Holzgriff ist die perfekte Option f\u00fcr die Montage des Nano II Handrads oder anderen NATO-Zubeh\u00f6rs an Ihrem Khronos iPhone 15 Pro\/Pro Max Tasche.<\/p>\n<p>Dieses Zubeh\u00f6r verwendet den gleichen innovativen Klemmmechanismus wie anderes Khronos-Zubeh\u00f6r.<\/p>\n<p>Sie kann ganz einfach an einem der Befestigungspunkte an der Smartphone-H\u00fclle angebracht werden, indem Sie den Ausl\u00f6seknopf dr\u00fccken, die Stifte ausrichten und den Knopf loslassen, sobald er angebracht ist.<\/p>\n<p>Der runde Holzgriff kann um 180 Grad gedreht werden, um seine Position vor und zur\u00fcck zu verstellen. So k\u00f6nnen Sie den bequemsten Griff finden.<\/p>\n<p>Die Farben Space Grey und Titanium White sind passend zum Khronos Case erh\u00e4ltlich und erg\u00e4nzen das Design Ihres iPhones und verleihen ihm einen Hauch von Stil.<\/p>\n","protected":false},"excerpt":{"rendered":"<p>Die Khronos NATO-Halterung mit rundem Holzgriff ist die perfekte Option f\u00fcr die Montage des Nano II Handrads oder anderen NATO-Zubeh\u00f6rs an Ihrem Khronos iPhone 15 Pro\/Pro Max Tasche. Dieses Zubeh\u00f6r verwendet den gleichen innovativen Klemmmechanismus wie anderes Khronos-Zubeh\u00f6r. Sie kann [&hellip;]<\/p>\n","protected":false},"featured_media":1977925,"comment_status":"closed","ping_status":"closed","template":"","meta":[],"product_cat":[3507,3357,4200,4496],"product_tag":[],"acf":[],"gallery_images":[1977926,1977792,1977793,1977794,1977795],"_links":{"self":[{"href":"https:\/\/eu.tilta.com\/de\/wp-json\/wp\/v2\/product\/1975912"}],"collection":[{"href":"https:\/\/eu.tilta.com\/de\/wp-json\/wp\/v2\/product"}],"about":[{"href":"https:\/\/eu.tilta.com\/de\/wp-json\/wp\/v2\/types\/product"}],"replies":[{"embeddable":true,"href":"https:\/\/eu.tilta.com\/de\/wp-json\/wp\/v2\/comments?post=1975912"}],"wp:featuredmedia":[{"embeddable":true,"href":"https:\/\/eu.tilta.com\/de\/wp-json\/wp\/v2\/media\/1977925"}],"wp:attachment":[{"href":"https:\/\/eu.tilta.com\/de\/wp-json\/wp\/v2\/media?parent=1975912"}],"wp:term":[{"taxonomy":"product_cat","embeddable":true,"href":"https:\/\/eu.tilta.com\/de\/wp-json\/wp\/v2\/product_cat?post=1975912"},{"taxonomy":"product_tag","embeddable":true,"href":"https:\/\/eu.tilta.com\/de\/wp-json\/wp\/v2\/product_tag?post=1975912"}],"curies":[{"name":"wp","href":"https:\/\/api.w.org\/{rel}","templated":true}]}}