{"id":1975920,"date":"2024-04-10T20:55:57","date_gmt":"2024-04-10T18:55:57","guid":{"rendered":"https:\/\/de.tilta.com\/shop\/khronos-nato-schnellspanner-adapter\/"},"modified":"2026-04-15T03:53:43","modified_gmt":"2026-04-15T01:53:43","slug":"khronos-universal-nato-mount","status":"publish","type":"product","link":"https:\/\/eu.tilta.com\/de\/shop\/khronos-universal-nato-mount\/","title":{"rendered":"Khronos NATO Schnellspanner Adapter"},"content":{"rendered":"<p><em>Der Khronos NATO Quick Release Adapter ist die perfekte Option zur Befestigung von herk\u00f6mmlichem Kamerazubeh\u00f6r an Ihrem Khronos iPhone 15 Pro \/ Pro Max Tasche.<\/em><\/p>\n<p>Dieses Zubeh\u00f6r verwendet den gleichen innovativen Klemmmechanismus wie anderes Khronos-Zubeh\u00f6r.<\/p>\n<p>Sie kann ganz einfach an einem der Befestigungspunkte an der Smartphone-H\u00fclle angebracht werden, indem Sie auf den Entriegelungsknopf dr\u00fccken, die Stifte ausrichten und den Knopf loslassen, sobald er angebracht ist.<\/p>\n<p>Die Halterung verf\u00fcgt \u00fcber eine NATO-Schiene sowie ein 1\/4\u2033-20-Gewinde mit multidirektionalen Fixierstiften, perfekt f\u00fcr Zubeh\u00f6r wie Gelenkarme.<\/p>\n<p>Erh\u00e4ltlich in raffiniertem Space Grau und elegantem Titanwei\u00df, passend zum Khronos Case, um das Design Ihres iPhones zu erg\u00e4nzen und ihm einen Hauch von Stil zu verleihen.<\/p>\n","protected":false},"excerpt":{"rendered":"<p>Der Khronos NATO Quick Release Adapter ist die perfekte Option zur Befestigung von herk\u00f6mmlichem Kamerazubeh\u00f6r an Ihrem Khronos iPhone 15 Pro \/ Pro Max Tasche. Dieses Zubeh\u00f6r verwendet den gleichen innovativen Klemmmechanismus wie anderes Khronos-Zubeh\u00f6r. Sie kann ganz einfach an [&hellip;]<\/p>\n","protected":false},"featured_media":2026488,"comment_status":"closed","ping_status":"closed","template":"","meta":[],"product_cat":[3507,3357,4200,4496],"product_tag":[],"acf":[],"gallery_images":[1977908,1977792,1977793,1977794,1977795],"_links":{"self":[{"href":"https:\/\/eu.tilta.com\/de\/wp-json\/wp\/v2\/product\/1975920"}],"collection":[{"href":"https:\/\/eu.tilta.com\/de\/wp-json\/wp\/v2\/product"}],"about":[{"href":"https:\/\/eu.tilta.com\/de\/wp-json\/wp\/v2\/types\/product"}],"replies":[{"embeddable":true,"href":"https:\/\/eu.tilta.com\/de\/wp-json\/wp\/v2\/comments?post=1975920"}],"wp:featuredmedia":[{"embeddable":true,"href":"https:\/\/eu.tilta.com\/de\/wp-json\/wp\/v2\/media\/2026488"}],"wp:attachment":[{"href":"https:\/\/eu.tilta.com\/de\/wp-json\/wp\/v2\/media?parent=1975920"}],"wp:term":[{"taxonomy":"product_cat","embeddable":true,"href":"https:\/\/eu.tilta.com\/de\/wp-json\/wp\/v2\/product_cat?post=1975920"},{"taxonomy":"product_tag","embeddable":true,"href":"https:\/\/eu.tilta.com\/de\/wp-json\/wp\/v2\/product_tag?post=1975920"}],"curies":[{"name":"wp","href":"https:\/\/api.w.org\/{rel}","templated":true}]}}